{"id":15,"date":"2024-12-05T14:19:23","date_gmt":"2024-12-05T14:19:23","guid":{"rendered":"https:\/\/new.vpnworlds.com\/?page_id=15"},"modified":"2024-12-23T13:49:43","modified_gmt":"2024-12-23T13:49:43","slug":"terms-and-conditions","status":"publish","type":"page","link":"https:\/\/new.vpnworlds.com\/es\/terms-and-conditions\/","title":{"rendered":"T\u00e9rminos y condiciones"},"content":{"rendered":"<div data-elementor-type=\"wp-page\" data-elementor-id=\"15\" class=\"elementor elementor-15\" data-elementor-post-type=\"page\">\n\t\t\t\t<div class=\"elementor-element elementor-element-33e875c9 e-flex e-con-boxed e-con e-parent\" data-id=\"33e875c9\" data-element_type=\"container\">\n\t\t\t\t\t<div class=\"e-con-inner\">\n\t\t\t\t<div class=\"elementor-element elementor-element-14c3cc0c elementor-widget elementor-widget-text-editor\" data-id=\"14c3cc0c\" data-element_type=\"widget\" data-widget_type=\"text-editor.default\">\n\t\t\t\t<div class=\"elementor-widget-container\">\n\t\t\t\t\t\t\t\t\t\n<p>Bienvenidos a <strong>Mundos VPN<\/strong>! Estos t\u00e9rminos y condiciones describen las reglas y regulaciones para el uso del sitio web de VPN Worlds (<a href=\"https:\/\/vpnworlds.com\" target=\"_new\" rel=\"noopener\">https:\/\/vpnworlds.com<\/a>) y sus servicios. Al acceder a este sitio web, usted acepta cumplir con estos t\u00e9rminos. Si no est\u00e1 de acuerdo con alguna parte de estos t\u00e9rminos, abst\u00e9ngase de utilizar nuestro sitio web o servicios.<\/p>\n<h3>Informaci\u00f3n de la empresa:<\/h3>\n<p><strong>Mundos VPN<\/strong><br \/>Direcci\u00f3n: Emmasingel 33, 5611 AZ Eindhoven, Netherlands<br \/>Correo electr\u00f3nico: <a rel=\"noopener\">support@vpnworlds.com<\/a><\/p>\n<h3>1. <strong>Aceptaci\u00f3n de los t\u00e9rminos<\/strong><\/h3>\n<p>Al acceder o utilizar nuestro sitio web y servicios, usted acepta estar sujeto a estos T\u00e9rminos y Condiciones. Estos t\u00e9rminos constituyen un acuerdo legal entre usted y VPN Worlds. Si no acepta estos t\u00e9rminos, no debe acceder ni utilizar nuestros servicios.<\/p>\n<h3>2. <strong>Elegibilidad<\/strong><\/h3>\n<p>Para utilizar nuestros servicios, usted debe:<\/p>\n<ul>\n<li>Tener al menos 18 a\u00f1os de edad o tener el consentimiento de los padres o tutores si es menor de 18 a\u00f1os.<\/li>\n<li>Cumplir con todas las leyes y regulaciones locales, estatales e internacionales aplicables.<\/li>\n<\/ul>\n<h3>3. <strong>Servicios prestados<\/strong><\/h3>\n<p>VPN Worlds proporciona servicios relacionados con VPN y VoIP para ayudar a mejorar su privacidad, seguridad en l\u00ednea y capacidades de comunicaci\u00f3n. El uso de nuestros servicios est\u00e1 sujeto al cumplimiento de estos t\u00e9rminos y las leyes aplicables.<\/p>\n<h3>4. <strong>Usos prohibidos<\/strong><\/h3>\n<p>Usted se compromete a no utilizar nuestros servicios para:<\/p>\n<ul>\n<li>Actividades o fines ilegales.<\/li>\n<li>Compartir o distribuir contenido malicioso, como virus o malware.<\/li>\n<li>Pirater\u00eda, spam o acceso no autorizado a redes, servidores o datos.<\/li>\n<li>Actividades que infrinjan los derechos de terceros, incluidos los derechos de propiedad intelectual.<\/li>\n<\/ul>\n<p>Nos reservamos el derecho de cancelar el acceso si se descubre que est\u00e1 utilizando nuestros servicios para actividades prohibidas.<\/p>\n<h3>5. <strong>Cuentas y responsabilidades<\/strong><\/h3>\n<p>Para utilizar determinadas funciones, es posible que tenga que crear una cuenta. Usted es responsable de mantener la confidencialidad de las credenciales de su cuenta.<\/p>\n<ul>\n<li>Aseg\u00farese de que la informaci\u00f3n de su cuenta sea precisa y est\u00e9 actualizada.<\/li>\n<li>Notif\u00edquenos inmediatamente de cualquier uso no autorizado de su cuenta.<\/li>\n<li>VPN Worlds no se hace responsable de ninguna p\u00e9rdida o da\u00f1o que surja del acceso no autorizado debido a la falta de seguridad de su cuenta.<\/li>\n<\/ul>\n<hr \/>\n<h3>6. <strong>Pago y suscripci\u00f3n<\/strong><\/h3>\n<p>En el caso de los servicios de pago, debe proporcionar informaci\u00f3n de pago v\u00e1lida. Al suscribirse, usted se compromete a:<\/p>\n<ul>\n<li>Pague todos los cargos asociados con su cuenta a tiempo.<\/li>\n<li>Permita que VPN Worlds almacene y procese sus datos de pago para pagos recurrentes.<br \/>La falta de pagos oportunos puede resultar en la suspensi\u00f3n o terminaci\u00f3n de sus servicios.<\/li>\n<\/ul>\n<hr \/>\n<h3>7. <strong>Propiedad intelectual<\/strong><\/h3>\n<p>Todo el contenido del sitio web, incluidos los logotipos, el texto, los gr\u00e1ficos y el software, es propiedad de VPN Worlds o tiene licencia para ello. Queda prohibida la reproducci\u00f3n o distribuci\u00f3n no autorizada de nuestra propiedad intelectual.<\/p>\n<hr \/>\n<h3>8. <strong>Limitaci\u00f3n de responsabilidad<\/strong><\/h3>\n<p>VPN Worlds no ser\u00e1 responsable de:<\/p>\n<ul>\n<li>Cualquier da\u00f1o indirecto, incidental o consecuente.<\/li>\n<li>P\u00e9rdida de datos, beneficios o interrupci\u00f3n del negocio derivada del uso de nuestros servicios.<\/li>\n<li>Accesos no autorizados o incidentes de violaci\u00f3n de datos causados por terceros.<\/li>\n<\/ul>\n<hr \/>\n<h3>9. <strong>Terminaci\u00f3n<\/strong><\/h3>\n<p>Nos reservamos el derecho de suspender o cancelar su cuenta o acceso a nuestros servicios por cualquier violaci\u00f3n de estos t\u00e9rminos, sin previo aviso.<\/p>\n<hr \/>\n<h3>10. <strong>Pol\u00edtica de privacidad<\/strong><\/h3>\n<p>Al utilizar nuestros servicios, tambi\u00e9n acepta nuestra Pol\u00edtica de privacidad, que describe c\u00f3mo recopilamos, usamos y protegemos su informaci\u00f3n.<\/p>\n<hr \/>\n<h3>11. <strong>Enlaces de terceros<\/strong><\/h3>\n<p>Nuestro sitio web puede contener enlaces a sitios web o servicios de terceros. No respaldamos ni asumimos responsabilidad por el contenido o las pol\u00edticas de los sitios web de terceros. El acceso a dichos sitios web es bajo su propio riesgo.<\/p>\n<hr \/>\n<h3>12. <strong>Legislaci\u00f3n aplicable<\/strong><\/h3>\n<p>Estos t\u00e9rminos y condiciones se rigen por las leyes de los Pa\u00edses Bajos. Cualquier disputa que surja en virtud de estos t\u00e9rminos o en relaci\u00f3n con ellos se resolver\u00e1 exclusivamente en los tribunales de Eindhoven, Pa\u00edses Bajos.<\/p>\n<hr \/>\n<h3>13. <strong>Cambios en los t\u00e9rminos y condiciones<\/strong><\/h3>\n<p>Nos reservamos el derecho de modificar estos t\u00e9rminos en cualquier momento. Los cambios entrar\u00e1n en vigor inmediatamente despu\u00e9s de su publicaci\u00f3n en nuestro sitio web. El uso continuado de los servicios constituye su aceptaci\u00f3n de los t\u00e9rminos revisados.<\/p>\n<hr \/>\n<h3>14. <strong>Cont\u00e1ctenos<\/strong><\/h3>\n<p>Para cualquier pregunta o inquietud con respecto a estos t\u00e9rminos, cont\u00e1ctenos:<br \/><strong>Correo electr\u00f3nico<\/strong>: <a rel=\"noopener\">support@vpnworlds.com<\/a><br \/><strong>Direcci\u00f3n<\/strong>: Emmasingel 33, 5611 AZ Eindhoven, Netherlands<\/p>\n<p>Al utilizar los servicios de VPN Worlds, usted reconoce que ha le\u00eddo, entendido y acepta estos T\u00e9rminos y Condiciones.<\/p>\n\t\t\t\t\t\t\t\t<\/div>\n\t\t\t\t<\/div>\n\t\t\t\t\t<\/div>\n\t\t\t\t<\/div>\n\t\t\t\t<\/div>","protected":false},"excerpt":{"rendered":"<p>Welcome to VPN Worlds! These terms and conditions outline the rules and regulations for using the VPN Worlds website (https:\/\/vpnworlds.com) and its services. By accessing this website, you agree to comply with these terms. If you disagree with any part of these terms, please refrain from using our website or services. Company Information: VPN WorldsAddress: [&hellip;]<\/p>","protected":false},"author":1,"featured_media":0,"parent":0,"menu_order":0,"comment_status":"closed","ping_status":"closed","template":"","meta":{"_monsterinsights_skip_tracking":false,"_monsterinsights_sitenote_active":false,"_monsterinsights_sitenote_note":"","_monsterinsights_sitenote_category":0,"footnotes":""},"class_list":["post-15","page","type-page","status-publish","hentry"],"yoast_head":"<!-- This site is optimized with the Yoast SEO Premium plugin v24.1 (Yoast SEO v24.2) - https:\/\/yoast.com\/wordpress\/plugins\/seo\/ -->\n<title>Terms &amp; Conditions | VPN Worlds - VoIP Solutions &amp; Hosting Plan<\/title>\n<meta name=\"description\" content=\"Welcome to the VPN Worlds Terms and Conditions page. Learn about our terms of service for all our products and services, including VPN4GW, VRS, CryptoSIM, GoIP Gateway, VOS3000 Softswitch, VPS Hosting, and Web Hosting. Read carefully before using our services.\" \/>\n<meta name=\"robots\" content=\"noindex, follow, max-snippet:-1, max-image-preview:large, max-video-preview:-1\" \/>\n<meta property=\"og:locale\" content=\"es_ES\" \/>\n<meta property=\"og:type\" content=\"article\" \/>\n<meta property=\"og:title\" content=\"Terms and Conditions\" \/>\n<meta property=\"og:description\" content=\"Welcome to the VPN Worlds Terms and Conditions page. Learn about our terms of service for all our products and services, including VPN4GW, VRS, CryptoSIM, GoIP Gateway, VOS3000 Softswitch, VPS Hosting, and Web Hosting. Read carefully before using our services.\" \/>\n<meta property=\"og:url\" content=\"https:\/\/new.vpnworlds.com\/es\/terms-and-conditions\/\" \/>\n<meta property=\"og:site_name\" content=\"Your Save, Secure, Reliable &amp; Trusted Partner.\" \/>\n<meta property=\"article:publisher\" content=\"https:\/\/facebook.com\/vpnworlds\" \/>\n<meta property=\"article:modified_time\" content=\"2024-12-23T13:49:43+00:00\" \/>\n<meta name=\"twitter:card\" content=\"summary_large_image\" \/>\n<meta name=\"twitter:site\" content=\"@vpnworlds\" \/>\n<meta name=\"twitter:label1\" content=\"Tiempo de lectura\" \/>\n\t<meta name=\"twitter:data1\" content=\"3 minutos\" \/>\n<script type=\"application\/ld+json\" class=\"yoast-schema-graph\">{\"@context\":\"https:\/\/schema.org\",\"@graph\":[{\"@type\":\"WebPage\",\"@id\":\"https:\/\/new.vpnworlds.com\/terms-and-conditions\/\",\"url\":\"https:\/\/new.vpnworlds.com\/terms-and-conditions\/\",\"name\":\"Terms & Conditions | VPN Worlds - VoIP Solutions & Hosting Plan\",\"isPartOf\":{\"@id\":\"https:\/\/new.vpnworlds.com\/#website\"},\"datePublished\":\"2024-12-05T14:19:23+00:00\",\"dateModified\":\"2024-12-23T13:49:43+00:00\",\"description\":\"Welcome to the VPN Worlds Terms and Conditions page. Learn about our terms of service for all our products and services, including VPN4GW, VRS, CryptoSIM, GoIP Gateway, VOS3000 Softswitch, VPS Hosting, and Web Hosting. Read carefully before using our services.\",\"breadcrumb\":{\"@id\":\"https:\/\/new.vpnworlds.com\/terms-and-conditions\/#breadcrumb\"},\"inLanguage\":\"es\",\"potentialAction\":[{\"@type\":\"ReadAction\",\"target\":[\"https:\/\/new.vpnworlds.com\/terms-and-conditions\/\"]}]},{\"@type\":\"BreadcrumbList\",\"@id\":\"https:\/\/new.vpnworlds.com\/terms-and-conditions\/#breadcrumb\",\"itemListElement\":[{\"@type\":\"ListItem\",\"position\":1,\"name\":\"Home\",\"item\":\"https:\/\/new.vpnworlds.com\/\"},{\"@type\":\"ListItem\",\"position\":2,\"name\":\"Terms and Conditions\"}]},{\"@type\":\"WebSite\",\"@id\":\"https:\/\/new.vpnworlds.com\/#website\",\"url\":\"https:\/\/new.vpnworlds.com\/\",\"name\":\"Your Save, Secure, Reliable & Trusted Partner.\",\"description\":\"\",\"publisher\":{\"@id\":\"https:\/\/new.vpnworlds.com\/#organization\"},\"potentialAction\":[{\"@type\":\"SearchAction\",\"target\":{\"@type\":\"EntryPoint\",\"urlTemplate\":\"https:\/\/new.vpnworlds.com\/?s={search_term_string}\"},\"query-input\":{\"@type\":\"PropertyValueSpecification\",\"valueRequired\":true,\"valueName\":\"search_term_string\"}}],\"inLanguage\":\"es\"},{\"@type\":\"Organization\",\"@id\":\"https:\/\/new.vpnworlds.com\/#organization\",\"name\":\"Your Save, Secure, Reliable & Trusted Partner.\",\"url\":\"https:\/\/new.vpnworlds.com\/\",\"logo\":{\"@type\":\"ImageObject\",\"inLanguage\":\"es\",\"@id\":\"https:\/\/new.vpnworlds.com\/#\/schema\/logo\/image\/\",\"url\":\"https:\/\/new.vpnworlds.com\/wp-content\/uploads\/2024\/12\/VPNWorlds-Logo.png\",\"contentUrl\":\"https:\/\/new.vpnworlds.com\/wp-content\/uploads\/2024\/12\/VPNWorlds-Logo.png\",\"width\":320,\"height\":120,\"caption\":\"Your Save, Secure, Reliable & Trusted Partner.\"},\"image\":{\"@id\":\"https:\/\/new.vpnworlds.com\/#\/schema\/logo\/image\/\"},\"sameAs\":[\"https:\/\/facebook.com\/vpnworlds\",\"https:\/\/x.com\/vpnworlds\",\"https:\/\/www.instagram.com\/vpnworlds\"]}]}<\/script>\n<!-- \/ Yoast SEO Premium plugin. -->","yoast_head_json":{"title":"Terms & Conditions | VPN Worlds - VoIP Solutions & Hosting Plan","description":"Welcome to the VPN Worlds Terms and Conditions page. Learn about our terms of service for all our products and services, including VPN4GW, VRS, CryptoSIM, GoIP Gateway, VOS3000 Softswitch, VPS Hosting, and Web Hosting. Read carefully before using our services.","robots":{"index":"noindex","follow":"follow","max-snippet":"max-snippet:-1","max-image-preview":"max-image-preview:large","max-video-preview":"max-video-preview:-1"},"og_locale":"es_ES","og_type":"article","og_title":"Terms and Conditions","og_description":"Welcome to the VPN Worlds Terms and Conditions page. Learn about our terms of service for all our products and services, including VPN4GW, VRS, CryptoSIM, GoIP Gateway, VOS3000 Softswitch, VPS Hosting, and Web Hosting. Read carefully before using our services.","og_url":"https:\/\/new.vpnworlds.com\/es\/terms-and-conditions\/","og_site_name":"Your Save, Secure, Reliable &amp; Trusted Partner.","article_publisher":"https:\/\/facebook.com\/vpnworlds","article_modified_time":"2024-12-23T13:49:43+00:00","twitter_card":"summary_large_image","twitter_site":"@vpnworlds","twitter_misc":{"Tiempo de lectura":"3 minutos"},"schema":{"@context":"https:\/\/schema.org","@graph":[{"@type":"WebPage","@id":"https:\/\/new.vpnworlds.com\/terms-and-conditions\/","url":"https:\/\/new.vpnworlds.com\/terms-and-conditions\/","name":"Terms & Conditions | VPN Worlds - VoIP Solutions & Hosting Plan","isPartOf":{"@id":"https:\/\/new.vpnworlds.com\/#website"},"datePublished":"2024-12-05T14:19:23+00:00","dateModified":"2024-12-23T13:49:43+00:00","description":"Welcome to the VPN Worlds Terms and Conditions page. Learn about our terms of service for all our products and services, including VPN4GW, VRS, CryptoSIM, GoIP Gateway, VOS3000 Softswitch, VPS Hosting, and Web Hosting. Read carefully before using our services.","breadcrumb":{"@id":"https:\/\/new.vpnworlds.com\/terms-and-conditions\/#breadcrumb"},"inLanguage":"es","potentialAction":[{"@type":"ReadAction","target":["https:\/\/new.vpnworlds.com\/terms-and-conditions\/"]}]},{"@type":"BreadcrumbList","@id":"https:\/\/new.vpnworlds.com\/terms-and-conditions\/#breadcrumb","itemListElement":[{"@type":"ListItem","position":1,"name":"Home","item":"https:\/\/new.vpnworlds.com\/"},{"@type":"ListItem","position":2,"name":"Terms and Conditions"}]},{"@type":"WebSite","@id":"https:\/\/new.vpnworlds.com\/#website","url":"https:\/\/new.vpnworlds.com\/","name":"Your Save, Secure, Reliable & Trusted Partner.","description":"","publisher":{"@id":"https:\/\/new.vpnworlds.com\/#organization"},"potentialAction":[{"@type":"SearchAction","target":{"@type":"EntryPoint","urlTemplate":"https:\/\/new.vpnworlds.com\/?s={search_term_string}"},"query-input":{"@type":"PropertyValueSpecification","valueRequired":true,"valueName":"search_term_string"}}],"inLanguage":"es"},{"@type":"Organization","@id":"https:\/\/new.vpnworlds.com\/#organization","name":"Your Save, Secure, Reliable & Trusted Partner.","url":"https:\/\/new.vpnworlds.com\/","logo":{"@type":"ImageObject","inLanguage":"es","@id":"https:\/\/new.vpnworlds.com\/#\/schema\/logo\/image\/","url":"https:\/\/new.vpnworlds.com\/wp-content\/uploads\/2024\/12\/VPNWorlds-Logo.png","contentUrl":"https:\/\/new.vpnworlds.com\/wp-content\/uploads\/2024\/12\/VPNWorlds-Logo.png","width":320,"height":120,"caption":"Your Save, Secure, Reliable & Trusted Partner."},"image":{"@id":"https:\/\/new.vpnworlds.com\/#\/schema\/logo\/image\/"},"sameAs":["https:\/\/facebook.com\/vpnworlds","https:\/\/x.com\/vpnworlds","https:\/\/www.instagram.com\/vpnworlds"]}]}},"_links":{"self":[{"href":"https:\/\/new.vpnworlds.com\/es\/wp-json\/wp\/v2\/pages\/15","targetHints":{"allow":["GET"]}}],"collection":[{"href":"https:\/\/new.vpnworlds.com\/es\/wp-json\/wp\/v2\/pages"}],"about":[{"href":"https:\/\/new.vpnworlds.com\/es\/wp-json\/wp\/v2\/types\/page"}],"author":[{"embeddable":true,"href":"https:\/\/new.vpnworlds.com\/es\/wp-json\/wp\/v2\/users\/1"}],"replies":[{"embeddable":true,"href":"https:\/\/new.vpnworlds.com\/es\/wp-json\/wp\/v2\/comments?post=15"}],"version-history":[{"count":12,"href":"https:\/\/new.vpnworlds.com\/es\/wp-json\/wp\/v2\/pages\/15\/revisions"}],"predecessor-version":[{"id":3281,"href":"https:\/\/new.vpnworlds.com\/es\/wp-json\/wp\/v2\/pages\/15\/revisions\/3281"}],"wp:attachment":[{"href":"https:\/\/new.vpnworlds.com\/es\/wp-json\/wp\/v2\/media?parent=15"}],"curies":[{"name":"wp","href":"https:\/\/api.w.org\/{rel}","templated":true}]}}