{"id":2426,"date":"2024-12-10T15:38:32","date_gmt":"2024-12-10T15:38:32","guid":{"rendered":"https:\/\/new.vpnworlds.com\/?page_id=2426"},"modified":"2024-12-23T12:21:20","modified_gmt":"2024-12-23T12:21:20","slug":"demo","status":"publish","type":"page","link":"https:\/\/new.vpnworlds.com\/es\/demo\/","title":{"rendered":"Soluci\u00f3n de demostraci\u00f3n de VoIP"},"content":{"rendered":"<div data-elementor-type=\"wp-page\" data-elementor-id=\"2426\" class=\"elementor elementor-2426\" data-elementor-post-type=\"page\">\n\t\t\t\t<div class=\"elementor-element elementor-element-49bc98d e-flex e-con-boxed e-con e-parent\" data-id=\"49bc98d\" data-element_type=\"container\">\n\t\t\t\t\t<div class=\"e-con-inner\">\n\t\t<div class=\"elementor-element elementor-element-0c7db6d e-con-full e-flex e-con e-child\" data-id=\"0c7db6d\" data-element_type=\"container\">\n\t\t\t\t<div class=\"elementor-element elementor-element-3e78c49 elementor-widget elementor-widget-heading\" data-id=\"3e78c49\" data-element_type=\"widget\" data-widget_type=\"heading.default\">\n\t\t\t\t<div class=\"elementor-widget-container\">\n\t\t\t\t\t<h2 class=\"elementor-heading-title elementor-size-default\">VPN Worlds - Demostraci\u00f3n de todos los servicios<\/h2>\t\t\t\t<\/div>\n\t\t\t\t<\/div>\n\t\t\t\t<div class=\"elementor-element elementor-element-0b4c5fb elementor-widget elementor-widget-text-editor\" data-id=\"0b4c5fb\" data-element_type=\"widget\" data-widget_type=\"text-editor.default\">\n\t\t\t\t<div class=\"elementor-widget-container\">\n\t\t\t\t\t\t\t\t\t<p data-pm-slice=\"1 1 []\">Bienvenido a VPN Worlds, su soluci\u00f3n integral para servicios innovadores, seguros y escalables dise\u00f1ados para satisfacer diversas necesidades tecnol\u00f3gicas. En VPN Worlds, nos enorgullecemos de ofrecer soluciones de vanguardia en una amplia gama de dominios, incluidos 4 tipos de soluciones VoIP, todas las versiones de Softswitch VOS3000 y planes de alojamiento. Para ayudar a nuestros clientes a tomar decisiones informadas, ofrecemos un portal de demostraci\u00f3n de servicios integral acompa\u00f1ado de un formulario f\u00e1cil de usar para consultas y solicitudes personalizadas. Aqu\u00ed est\u00e1 el formulario de contacto de demostraci\u00f3n. Complete este formulario y nos comunicaremos con usted en breve.<\/p>\t\t\t\t\t\t\t\t<\/div>\n\t\t\t\t<\/div>\n\t\t\t\t<\/div>\n\t\t<div class=\"elementor-element elementor-element-2763787 e-con-full e-flex e-con e-child\" data-id=\"2763787\" data-element_type=\"container\" data-settings=\"{&quot;background_background&quot;:&quot;classic&quot;}\">\n\t\t\t\t<div class=\"elementor-element elementor-element-ead7210 elementor-widget elementor-widget-heading\" data-id=\"ead7210\" data-element_type=\"widget\" data-widget_type=\"heading.default\">\n\t\t\t\t<div class=\"elementor-widget-container\">\n\t\t\t\t\t<h2 class=\"elementor-heading-title elementor-size-default\">Formulario de demostraci\u00f3n<\/h2>\t\t\t\t<\/div>\n\t\t\t\t<\/div>\n\t\t\t\t<div class=\"elementor-element elementor-element-6caf0bd elementor-button-align-stretch elementor-widget elementor-widget-form\" data-id=\"6caf0bd\" data-element_type=\"widget\" data-settings=\"{&quot;step_next_label&quot;:&quot;Next&quot;,&quot;step_previous_label&quot;:&quot;Previous&quot;,&quot;button_width&quot;:&quot;100&quot;,&quot;step_type&quot;:&quot;number_text&quot;,&quot;step_icon_shape&quot;:&quot;circle&quot;}\" data-widget_type=\"form.default\">\n\t\t\t\t<div class=\"elementor-widget-container\">\n\t\t\t\t\t\t\t<form class=\"elementor-form\" method=\"post\" name=\"New Form\" action=\"\">\n\t\t\t<input type=\"hidden\" name=\"post_id\" value=\"2426\"\/>\n\t\t\t<input type=\"hidden\" name=\"form_id\" value=\"6caf0bd\"\/>\n\t\t\t<input type=\"hidden\" name=\"referer_title\" value=\"VoIP Demo Solution - Explore VPN Worlds Advanced VoIP Service\" \/>\n\n\t\t\t\t\t\t\t<input type=\"hidden\" name=\"queried_id\" value=\"2426\"\/>\n\t\t\t\n\t\t\t<div class=\"elementor-form-fields-wrapper elementor-labels-above\">\n\t\t\t\t\t\t\t\t<div class=\"elementor-field-type-text elementor-field-group elementor-column elementor-field-group-name elementor-col-50 elementor-field-required elementor-mark-required\">\n\t\t\t\t\t\t\t\t\t\t\t\t<label for=\"form-field-name\" class=\"elementor-field-label\">\n\t\t\t\t\t\t\t\tNombre de pila\t\t\t\t\t\t\t<\/label>\n\t\t\t\t\t\t\t\t\t\t\t\t\t\t<input size=\"1\" type=\"text\" name=\"form_fields[name]\" id=\"form-field-name\" class=\"elementor-field elementor-size-xs  elementor-field-textual\" placeholder=\"Nombre\" required=\"required\" aria-required=\"true\">\n\t\t\t\t\t\t\t\t\t\t\t<\/div>\n\t\t\t\t\t\t\t\t<div class=\"elementor-field-type-text elementor-field-group elementor-column elementor-field-group-field_5b1c096 elementor-col-50 elementor-field-required elementor-mark-required\">\n\t\t\t\t\t\t\t\t\t\t\t\t<label for=\"form-field-field_5b1c096\" class=\"elementor-field-label\">\n\t\t\t\t\t\t\t\tApellido\t\t\t\t\t\t\t<\/label>\n\t\t\t\t\t\t\t\t\t\t\t\t\t\t<input size=\"1\" type=\"text\" name=\"form_fields[field_5b1c096]\" id=\"form-field-field_5b1c096\" class=\"elementor-field elementor-size-xs  elementor-field-textual\" placeholder=\"Nombre\" required=\"required\" aria-required=\"true\">\n\t\t\t\t\t\t\t\t\t\t\t<\/div>\n\t\t\t\t\t\t\t\t<div class=\"elementor-field-type-text elementor-field-group elementor-column elementor-field-group-email elementor-col-100 elementor-field-required elementor-mark-required\">\n\t\t\t\t\t\t\t\t\t\t\t\t<label for=\"form-field-email\" class=\"elementor-field-label\">\n\t\t\t\t\t\t\t\tnombre de empresa\t\t\t\t\t\t\t<\/label>\n\t\t\t\t\t\t\t\t\t\t\t\t\t\t<input size=\"1\" type=\"text\" name=\"form_fields[email]\" id=\"form-field-email\" class=\"elementor-field elementor-size-xs  elementor-field-textual\" placeholder=\"\u0622\u067e \u06a9\u06cc \u06a9\u0645\u067e\u0646\u06cc \u06a9\u0627 \u0646\u0627\u0645\" required=\"required\" aria-required=\"true\">\n\t\t\t\t\t\t\t\t\t\t\t<\/div>\n\t\t\t\t\t\t\t\t<div class=\"elementor-field-type-text elementor-field-group elementor-column elementor-field-group-field_1797044 elementor-col-100 elementor-field-required elementor-mark-required\">\n\t\t\t\t\t\t\t\t\t\t\t\t<label for=\"form-field-field_1797044\" class=\"elementor-field-label\">\n\t\t\t\t\t\t\t\t\u06a9\u0645\u067e\u0646\u06cc \u06a9\u0627 \u067e\u062a\u06c1\t\t\t\t\t\t\t<\/label>\n\t\t\t\t\t\t\t\t\t\t\t\t\t\t<input size=\"1\" type=\"text\" name=\"form_fields[field_1797044]\" id=\"form-field-field_1797044\" class=\"elementor-field elementor-size-xs  elementor-field-textual\" placeholder=\"Direcci\u00f3n\" required=\"required\" aria-required=\"true\">\n\t\t\t\t\t\t\t\t\t\t\t<\/div>\n\t\t\t\t\t\t\t\t<div class=\"elementor-field-type-email elementor-field-group elementor-column elementor-field-group-field_cb632f8 elementor-col-100 elementor-field-required elementor-mark-required\">\n\t\t\t\t\t\t\t\t\t\t\t\t<label for=\"form-field-field_cb632f8\" class=\"elementor-field-label\">\n\t\t\t\t\t\t\t\tDirecci\u00f3n de correo electr\u00f3nico\t\t\t\t\t\t\t<\/label>\n\t\t\t\t\t\t\t\t\t\t\t\t\t\t<input size=\"1\" type=\"email\" name=\"form_fields[field_cb632f8]\" id=\"form-field-field_cb632f8\" class=\"elementor-field elementor-size-xs  elementor-field-textual\" placeholder=\"example@gmail.com\" required=\"required\" aria-required=\"true\">\n\t\t\t\t\t\t\t\t\t\t\t<\/div>\n\t\t\t\t\t\t\t\t<div class=\"elementor-field-type-text elementor-field-group elementor-column elementor-field-group-field_a99d8d7 elementor-col-100 elementor-field-required elementor-mark-required\">\n\t\t\t\t\t\t\t\t\t\t\t\t<label for=\"form-field-field_a99d8d7\" class=\"elementor-field-label\">\n\t\t\t\t\t\t\t\tIdentificaci\u00f3n de Skype\t\t\t\t\t\t\t<\/label>\n\t\t\t\t\t\t\t\t\t\t\t\t\t\t<input size=\"1\" type=\"text\" name=\"form_fields[field_a99d8d7]\" id=\"form-field-field_a99d8d7\" class=\"elementor-field elementor-size-xs  elementor-field-textual\" placeholder=\"live:0e1a2s5s6aa2dde\" required=\"required\" aria-required=\"true\">\n\t\t\t\t\t\t\t\t\t\t\t<\/div>\n\t\t\t\t\t\t\t\t<div class=\"elementor-field-type-number elementor-field-group elementor-column elementor-field-group-field_21e7fca elementor-col-100 elementor-field-required elementor-mark-required\">\n\t\t\t\t\t\t\t\t\t\t\t\t<label for=\"form-field-field_21e7fca\" class=\"elementor-field-label\">\n\t\t\t\t\t\t\t\tWhatsApp\t\t\t\t\t\t\t<\/label>\n\t\t\t\t\t\t\t\t\t<input type=\"number\" name=\"form_fields[field_21e7fca]\" id=\"form-field-field_21e7fca\" class=\"elementor-field elementor-size-xs  elementor-field-textual\" placeholder=\"(123) 456-7890\" required=\"required\" aria-required=\"true\" min=\"\" max=\"\" >\n\t\t\t\t\t\t<\/div>\n\t\t\t\t\t\t\t\t<div class=\"elementor-field-type-select elementor-field-group elementor-column elementor-field-group-message elementor-col-50 elementor-field-required elementor-mark-required\">\n\t\t\t\t\t\t\t\t\t\t\t\t<label for=\"form-field-message\" class=\"elementor-field-label\">\n\t\t\t\t\t\t\t\tElige tu soluci\u00f3n\t\t\t\t\t\t\t<\/label>\n\t\t\t\t\t\t\t\t<div class=\"elementor-field elementor-select-wrapper remove-before\">\n\t\t\t<div class=\"select-caret-down-wrapper\">\n\t\t\t\t<svg aria-hidden=\"true\" class=\"e-font-icon-svg e-eicon-caret-down\" viewbox=\"0 0 571.4 571.4\" xmlns=\"http:\/\/www.w3.org\/2000\/svg\"><path d=\"M571 393Q571 407 561 418L311 668Q300 679 286 679T261 668L11 418Q0 407 0 393T11 368 36 357H536Q550 357 561 368T571 393Z\"><\/path><\/svg>\t\t\t<\/div>\n\t\t\t<select name=\"form_fields[message]\" id=\"form-field-message\" class=\"elementor-field-textual elementor-size-xs\" required=\"required\" aria-required=\"true\">\n\t\t\t\t\t\t\t\t\t<option value=\"Default\">Por defecto<\/option>\n\t\t\t\t\t\t\t\t\t<option value=\"VRS\">VRS<\/option>\n\t\t\t\t\t\t\t\t\t<option value=\"VPN4GW\">VPN4GW<\/option>\n\t\t\t\t\t\t\t\t\t<option value=\"GoIP Relay\">Rel\u00e9 GoIP<\/option>\n\t\t\t\t\t\t\t\t\t<option value=\"CryptoSIM Saver\">Protector de CryptoSIM<\/option>\n\t\t\t\t\t\t\t\t\t<option value=\"VOS3000-2.1.8.0\">VOS3000-2.1.8.0<\/option>\n\t\t\t\t\t\t\t\t\t<option value=\"VOS3000-2.1.6.0\">VOS3000-2.1.6.0<\/option>\n\t\t\t\t\t\t\t\t\t<option value=\"VOS3000-2.1.4.0\">VOS3000-2.1.4.0<\/option>\n\t\t\t\t\t\t\t\t\t<option value=\"VOS3000-2.1.2.4\">VOS3000-2.1.2.4<\/option>\n\t\t\t\t\t\t\t\t\t<option value=\"VPS Hosting\">Alojamiento VPS<\/option>\n\t\t\t\t\t\t\t\t\t<option value=\"Web Hosting\">Alojamiento web<\/option>\n\t\t\t\t\t\t\t<\/select>\n\t\t<\/div>\n\t\t\t\t\t\t<\/div>\n\t\t\t\t\t\t\t\t<div class=\"elementor-field-type-select elementor-field-group elementor-column elementor-field-group-field_9931010 elementor-col-50 elementor-field-required elementor-mark-required\">\n\t\t\t\t\t\t\t\t\t\t\t\t<label for=\"form-field-field_9931010\" class=\"elementor-field-label\">\n\t\t\t\t\t\t\t\tElige tu paquete\t\t\t\t\t\t\t<\/label>\n\t\t\t\t\t\t\t\t<div class=\"elementor-field elementor-select-wrapper remove-before\">\n\t\t\t<div class=\"select-caret-down-wrapper\">\n\t\t\t\t<svg aria-hidden=\"true\" class=\"e-font-icon-svg e-eicon-caret-down\" viewbox=\"0 0 571.4 571.4\" xmlns=\"http:\/\/www.w3.org\/2000\/svg\"><path d=\"M571 393Q571 407 561 418L311 668Q300 679 286 679T261 668L11 418Q0 407 0 393T11 368 36 357H536Q550 357 561 368T571 393Z\"><\/path><\/svg>\t\t\t<\/div>\n\t\t\t<select name=\"form_fields[field_9931010]\" id=\"form-field-field_9931010\" class=\"elementor-field-textual elementor-size-xs\" required=\"required\" aria-required=\"true\">\n\t\t\t\t\t\t\t\t\t<option value=\"Default\">Por defecto<\/option>\n\t\t\t\t\t\t\t\t\t<option value=\"Starter Plan\">Plan de inicio<\/option>\n\t\t\t\t\t\t\t\t\t<option value=\"Professional Plan\">Plano profesional<\/option>\n\t\t\t\t\t\t\t\t\t<option value=\"Business Plan \">Plan de Negocios <\/option>\n\t\t\t\t\t\t\t<\/select>\n\t\t<\/div>\n\t\t\t\t\t\t<\/div>\n\t\t\t\t\t\t\t\t<div class=\"elementor-field-type-textarea elementor-field-group elementor-column elementor-field-group-field_8d56790 elementor-col-100\">\n\t\t\t\t\t\t\t\t\t\t\t\t<label for=\"form-field-field_8d56790\" class=\"elementor-field-label\">\n\t\t\t\t\t\t\t\tMensaje\t\t\t\t\t\t\t<\/label>\n\t\t\t\t\t\t<textarea class=\"elementor-field-textual elementor-field  elementor-size-xs\" name=\"form_fields[field_8d56790]\" id=\"form-field-field_8d56790\" rows=\"4\" placeholder=\"Mensaje\"><\/textarea>\t\t\t\t<\/div>\n\t\t\t\t\t\t\t\t<div class=\"elementor-field-group elementor-column elementor-field-type-submit elementor-col-100 e-form__buttons\">\n\t\t\t\t\t<button class=\"elementor-button elementor-size-sm\" type=\"submit\">\n\t\t\t\t\t\t<span class=\"elementor-button-content-wrapper\">\n\t\t\t\t\t\t\t\t\t\t\t\t\t\t\t\t\t\t\t\t\t\t<span class=\"elementor-button-text\">Env\u00edanos<\/span>\n\t\t\t\t\t\t\t\t\t\t\t\t\t<\/span>\n\t\t\t\t\t<\/button>\n\t\t\t\t<\/div>\n\t\t\t<\/div>\n\t\t<input type=\"hidden\" name=\"trp-form-language\" value=\"es\"\/><\/form>\n\t\t\t\t\t\t<\/div>\n\t\t\t\t<\/div>\n\t\t\t\t<\/div>\n\t\t\t\t\t<\/div>\n\t\t\t\t<\/div>\n\t\t\t\t<\/div>","protected":false},"excerpt":{"rendered":"<p>VPN Worlds &#8211; All Service Demo Welcome to VPN Worlds, your one-stop solution for innovative, secure, and scalable services tailored to meet diverse technological needs. At VPN Worlds, we pride ourselves on delivering cutting-edge solutions across a wide range of domains, including 4 types VoIP Solution, VOS3000 Softswitch all Versions, and Hosting Plan. To help [&hellip;]<\/p>","protected":false},"author":1,"featured_media":0,"parent":0,"menu_order":0,"comment_status":"closed","ping_status":"closed","template":"page-templates\/pages.php","meta":{"_monsterinsights_skip_tracking":false,"_monsterinsights_sitenote_active":false,"_monsterinsights_sitenote_note":"","_monsterinsights_sitenote_category":0,"footnotes":""},"class_list":["post-2426","page","type-page","status-publish","hentry"],"yoast_head":"<!-- This site is optimized with the Yoast SEO Premium plugin v24.1 (Yoast SEO v24.2) - https:\/\/yoast.com\/wordpress\/plugins\/seo\/ -->\n<title>VoIP Demo Solution - Explore VPN Worlds Advanced VoIP Service<\/title>\n<meta name=\"description\" content=\"Discover VoIP Demo Solutions by VPN Worlds, offering VPN4GW, VRS, GoIP Gateway, CryptoSIM Saver, and VOS3000 Softswitch (all latest versions). Enhance your VoIP operations with reliable Web and VPS Hosting plans tailored to your needs.\" \/>\n<meta name=\"robots\" content=\"noindex, follow, max-snippet:-1, max-image-preview:large, max-video-preview:-1\" \/>\n<meta property=\"og:locale\" content=\"es_ES\" \/>\n<meta property=\"og:type\" content=\"article\" \/>\n<meta property=\"og:title\" content=\"VoIP Demo Solution\" \/>\n<meta property=\"og:description\" content=\"Discover VoIP Demo Solutions by VPN Worlds, offering VPN4GW, VRS, GoIP Gateway, CryptoSIM Saver, and VOS3000 Softswitch (all latest versions). Enhance your VoIP operations with reliable Web and VPS Hosting plans tailored to your needs.\" \/>\n<meta property=\"og:url\" content=\"https:\/\/new.vpnworlds.com\/es\/demo\/\" \/>\n<meta property=\"og:site_name\" content=\"Your Save, Secure, Reliable &amp; Trusted Partner.\" \/>\n<meta property=\"article:publisher\" content=\"https:\/\/facebook.com\/vpnworlds\" \/>\n<meta property=\"article:modified_time\" content=\"2024-12-23T12:21:20+00:00\" \/>\n<meta name=\"twitter:card\" content=\"summary_large_image\" \/>\n<meta name=\"twitter:site\" content=\"@vpnworlds\" \/>\n<meta name=\"twitter:label1\" content=\"Tiempo de lectura\" \/>\n\t<meta name=\"twitter:data1\" content=\"1 minuto\" \/>\n<script type=\"application\/ld+json\" class=\"yoast-schema-graph\">{\"@context\":\"https:\/\/schema.org\",\"@graph\":[{\"@type\":\"WebPage\",\"@id\":\"https:\/\/new.vpnworlds.com\/demo\/\",\"url\":\"https:\/\/new.vpnworlds.com\/demo\/\",\"name\":\"VoIP Demo Solution - Explore VPN Worlds Advanced VoIP Service\",\"isPartOf\":{\"@id\":\"https:\/\/new.vpnworlds.com\/#website\"},\"datePublished\":\"2024-12-10T15:38:32+00:00\",\"dateModified\":\"2024-12-23T12:21:20+00:00\",\"description\":\"Discover VoIP Demo Solutions by VPN Worlds, offering VPN4GW, VRS, GoIP Gateway, CryptoSIM Saver, and VOS3000 Softswitch (all latest versions). Enhance your VoIP operations with reliable Web and VPS Hosting plans tailored to your needs.\",\"breadcrumb\":{\"@id\":\"https:\/\/new.vpnworlds.com\/demo\/#breadcrumb\"},\"inLanguage\":\"es\",\"potentialAction\":[{\"@type\":\"ReadAction\",\"target\":[\"https:\/\/new.vpnworlds.com\/demo\/\"]}]},{\"@type\":\"BreadcrumbList\",\"@id\":\"https:\/\/new.vpnworlds.com\/demo\/#breadcrumb\",\"itemListElement\":[{\"@type\":\"ListItem\",\"position\":1,\"name\":\"Home\",\"item\":\"https:\/\/new.vpnworlds.com\/\"},{\"@type\":\"ListItem\",\"position\":2,\"name\":\"VoIP Demo Solution\"}]},{\"@type\":\"WebSite\",\"@id\":\"https:\/\/new.vpnworlds.com\/#website\",\"url\":\"https:\/\/new.vpnworlds.com\/\",\"name\":\"Your Save, Secure, Reliable & Trusted Partner.\",\"description\":\"\",\"publisher\":{\"@id\":\"https:\/\/new.vpnworlds.com\/#organization\"},\"potentialAction\":[{\"@type\":\"SearchAction\",\"target\":{\"@type\":\"EntryPoint\",\"urlTemplate\":\"https:\/\/new.vpnworlds.com\/?s={search_term_string}\"},\"query-input\":{\"@type\":\"PropertyValueSpecification\",\"valueRequired\":true,\"valueName\":\"search_term_string\"}}],\"inLanguage\":\"es\"},{\"@type\":\"Organization\",\"@id\":\"https:\/\/new.vpnworlds.com\/#organization\",\"name\":\"Your Save, Secure, Reliable & Trusted Partner.\",\"url\":\"https:\/\/new.vpnworlds.com\/\",\"logo\":{\"@type\":\"ImageObject\",\"inLanguage\":\"es\",\"@id\":\"https:\/\/new.vpnworlds.com\/#\/schema\/logo\/image\/\",\"url\":\"https:\/\/new.vpnworlds.com\/wp-content\/uploads\/2024\/12\/VPNWorlds-Logo.png\",\"contentUrl\":\"https:\/\/new.vpnworlds.com\/wp-content\/uploads\/2024\/12\/VPNWorlds-Logo.png\",\"width\":320,\"height\":120,\"caption\":\"Your Save, Secure, Reliable & Trusted Partner.\"},\"image\":{\"@id\":\"https:\/\/new.vpnworlds.com\/#\/schema\/logo\/image\/\"},\"sameAs\":[\"https:\/\/facebook.com\/vpnworlds\",\"https:\/\/x.com\/vpnworlds\",\"https:\/\/www.instagram.com\/vpnworlds\"]}]}<\/script>\n<!-- \/ Yoast SEO Premium plugin. -->","yoast_head_json":{"title":"VoIP Demo Solution - Explore VPN Worlds Advanced VoIP Service","description":"Discover VoIP Demo Solutions by VPN Worlds, offering VPN4GW, VRS, GoIP Gateway, CryptoSIM Saver, and VOS3000 Softswitch (all latest versions). Enhance your VoIP operations with reliable Web and VPS Hosting plans tailored to your needs.","robots":{"index":"noindex","follow":"follow","max-snippet":"max-snippet:-1","max-image-preview":"max-image-preview:large","max-video-preview":"max-video-preview:-1"},"og_locale":"es_ES","og_type":"article","og_title":"VoIP Demo Solution","og_description":"Discover VoIP Demo Solutions by VPN Worlds, offering VPN4GW, VRS, GoIP Gateway, CryptoSIM Saver, and VOS3000 Softswitch (all latest versions). Enhance your VoIP operations with reliable Web and VPS Hosting plans tailored to your needs.","og_url":"https:\/\/new.vpnworlds.com\/es\/demo\/","og_site_name":"Your Save, Secure, Reliable &amp; Trusted Partner.","article_publisher":"https:\/\/facebook.com\/vpnworlds","article_modified_time":"2024-12-23T12:21:20+00:00","twitter_card":"summary_large_image","twitter_site":"@vpnworlds","twitter_misc":{"Tiempo de lectura":"1 minuto"},"schema":{"@context":"https:\/\/schema.org","@graph":[{"@type":"WebPage","@id":"https:\/\/new.vpnworlds.com\/demo\/","url":"https:\/\/new.vpnworlds.com\/demo\/","name":"VoIP Demo Solution - Explore VPN Worlds Advanced VoIP Service","isPartOf":{"@id":"https:\/\/new.vpnworlds.com\/#website"},"datePublished":"2024-12-10T15:38:32+00:00","dateModified":"2024-12-23T12:21:20+00:00","description":"Discover VoIP Demo Solutions by VPN Worlds, offering VPN4GW, VRS, GoIP Gateway, CryptoSIM Saver, and VOS3000 Softswitch (all latest versions). Enhance your VoIP operations with reliable Web and VPS Hosting plans tailored to your needs.","breadcrumb":{"@id":"https:\/\/new.vpnworlds.com\/demo\/#breadcrumb"},"inLanguage":"es","potentialAction":[{"@type":"ReadAction","target":["https:\/\/new.vpnworlds.com\/demo\/"]}]},{"@type":"BreadcrumbList","@id":"https:\/\/new.vpnworlds.com\/demo\/#breadcrumb","itemListElement":[{"@type":"ListItem","position":1,"name":"Home","item":"https:\/\/new.vpnworlds.com\/"},{"@type":"ListItem","position":2,"name":"VoIP Demo Solution"}]},{"@type":"WebSite","@id":"https:\/\/new.vpnworlds.com\/#website","url":"https:\/\/new.vpnworlds.com\/","name":"Your Save, Secure, Reliable & Trusted Partner.","description":"","publisher":{"@id":"https:\/\/new.vpnworlds.com\/#organization"},"potentialAction":[{"@type":"SearchAction","target":{"@type":"EntryPoint","urlTemplate":"https:\/\/new.vpnworlds.com\/?s={search_term_string}"},"query-input":{"@type":"PropertyValueSpecification","valueRequired":true,"valueName":"search_term_string"}}],"inLanguage":"es"},{"@type":"Organization","@id":"https:\/\/new.vpnworlds.com\/#organization","name":"Your Save, Secure, Reliable & Trusted Partner.","url":"https:\/\/new.vpnworlds.com\/","logo":{"@type":"ImageObject","inLanguage":"es","@id":"https:\/\/new.vpnworlds.com\/#\/schema\/logo\/image\/","url":"https:\/\/new.vpnworlds.com\/wp-content\/uploads\/2024\/12\/VPNWorlds-Logo.png","contentUrl":"https:\/\/new.vpnworlds.com\/wp-content\/uploads\/2024\/12\/VPNWorlds-Logo.png","width":320,"height":120,"caption":"Your Save, Secure, Reliable & Trusted Partner."},"image":{"@id":"https:\/\/new.vpnworlds.com\/#\/schema\/logo\/image\/"},"sameAs":["https:\/\/facebook.com\/vpnworlds","https:\/\/x.com\/vpnworlds","https:\/\/www.instagram.com\/vpnworlds"]}]}},"_links":{"self":[{"href":"https:\/\/new.vpnworlds.com\/es\/wp-json\/wp\/v2\/pages\/2426","targetHints":{"allow":["GET"]}}],"collection":[{"href":"https:\/\/new.vpnworlds.com\/es\/wp-json\/wp\/v2\/pages"}],"about":[{"href":"https:\/\/new.vpnworlds.com\/es\/wp-json\/wp\/v2\/types\/page"}],"author":[{"embeddable":true,"href":"https:\/\/new.vpnworlds.com\/es\/wp-json\/wp\/v2\/users\/1"}],"replies":[{"embeddable":true,"href":"https:\/\/new.vpnworlds.com\/es\/wp-json\/wp\/v2\/comments?post=2426"}],"version-history":[{"count":32,"href":"https:\/\/new.vpnworlds.com\/es\/wp-json\/wp\/v2\/pages\/2426\/revisions"}],"predecessor-version":[{"id":3271,"href":"https:\/\/new.vpnworlds.com\/es\/wp-json\/wp\/v2\/pages\/2426\/revisions\/3271"}],"wp:attachment":[{"href":"https:\/\/new.vpnworlds.com\/es\/wp-json\/wp\/v2\/media?parent=2426"}],"curies":[{"name":"wp","href":"https:\/\/api.w.org\/{rel}","templated":true}]}}