{"id":3,"date":"2024-12-04T22:19:56","date_gmt":"2024-12-04T22:19:56","guid":{"rendered":"https:\/\/new.vpnworlds.com\/?page_id=3"},"modified":"2024-12-23T13:36:58","modified_gmt":"2024-12-23T13:36:58","slug":"privacy-policy","status":"publish","type":"page","link":"https:\/\/new.vpnworlds.com\/es\/privacy-policy\/","title":{"rendered":"Pol\u00edtica de privacidad"},"content":{"rendered":"<div data-elementor-type=\"wp-page\" data-elementor-id=\"3\" class=\"elementor elementor-3\" data-elementor-post-type=\"page\">\n\t\t\t\t<div class=\"elementor-element elementor-element-561fb420 e-flex e-con-boxed e-con e-parent\" data-id=\"561fb420\" data-element_type=\"container\">\n\t\t\t\t\t<div class=\"e-con-inner\">\n\t\t\t\t<div class=\"elementor-element elementor-element-5bd9d3df elementor-widget elementor-widget-text-editor\" data-id=\"5bd9d3df\" data-element_type=\"widget\" data-widget_type=\"text-editor.default\">\n\t\t\t\t<div class=\"elementor-widget-container\">\n\t\t\t\t\t\t\t\t\t\n<h2>Pol\u00edtica de privacidad<\/h2>\n<p>Esta Pol\u00edtica de Privacidad describe las pol\u00edticas de <strong>Mundos VPN<\/strong>, Emmasingel 33, 5611 AZ Eindhoven Netherlands. Correo electr\u00f3nico: <a>support@vpnworlds.com<\/a>Tel\u00e9fono: <strong>+88 01566336368<\/strong>, sobre la recopilaci\u00f3n, el uso y la divulgaci\u00f3n de su informaci\u00f3n que recopilamos cuando utiliza nuestro sitio web (<a href=\"https:\/\/vpnworlds.com\">https:\/\/vpnworlds.com<\/a>) (el \"Servicio\"). Al acceder o utilizar el Servicio, usted da su consentimiento para la recopilaci\u00f3n, el uso y la divulgaci\u00f3n de su informaci\u00f3n de acuerdo con esta Pol\u00edtica de privacidad. Si no da su consentimiento para ello, no acceda ni utilice el Servicio.<\/p>\n\n\n\n<p>Podemos modificar esta Pol\u00edtica de Privacidad en cualquier momento sin previo aviso y publicaremos la Pol\u00edtica de Privacidad revisada en el Servicio. La Pol\u00edtica revisada entrar\u00e1 en vigor 180 d\u00edas a partir de la fecha en que se publique en el Servicio, y su acceso o uso continuado del Servicio despu\u00e9s de ese tiempo constituir\u00e1 su aceptaci\u00f3n de la Pol\u00edtica de Privacidad revisada. Por lo tanto, le recomendamos que revise peri\u00f3dicamente esta p\u00e1gina.<\/p>\n\n\n\n<h3 class=\"wp-block-heading\">Informaci\u00f3n que recopilamos:<\/h3>\n\n\n\n<p>Recopilaremos y procesaremos la siguiente informaci\u00f3n personal sobre usted:<\/p>\n\n\n<li>Nombre<\/li>\n<!-- \/wp:list-item -->\n\n<!-- wp:list-item -->\n<li>Correo electr\u00f3nico<\/li>\n<!-- \/wp:list-item -->\n\n<!-- wp:list-item -->\n<li>M\u00f3vil<\/li>\n<!-- \/wp:list-item -->\n\n<!-- wp:list-item -->\n<li>Perfil en Redes Sociales<\/li>\n<!-- \/wp:list-item -->\n\n<!-- wp:list-item -->\n<li>Fecha de nacimiento<\/li>\n<!-- \/wp:list-item -->\n\n<!-- wp:list-item -->\n<li>Direcci\u00f3n<\/li>\n<!-- \/wp:list-item -->\n\n<!-- wp:list-item -->\n<li>G\u00e9nero<\/li>\n<!-- \/wp:list-item --><\/ul>\n<!-- \/wp:list -->\n\n<!-- wp:heading {\"level\":3} -->\n<h3 class=\"wp-block-heading\">C\u00f3mo utilizamos su informaci\u00f3n:<\/h3>\n<!-- \/wp:heading -->\n\n<!-- wp:paragraph -->\n<p>Utilizaremos la informaci\u00f3n que recopilamos sobre usted para los siguientes fines:<\/p>\n<!-- \/wp:paragraph -->\n<li>Marketing\/Promocional<\/li>\n<!-- \/wp:list-item -->\n\n<!-- wp:list-item -->\n<li>Creaci\u00f3n de una cuenta de usuario<\/li>\n<!-- \/wp:list-item -->\n\n<!-- wp:list-item -->\n<li>Procesamiento de pagos<\/li>\n<!-- \/wp:list-item -->\n\n<!-- wp:list-item -->\n<li>Apoyo<\/li>\n<!-- \/wp:list-item -->\n\n<!-- wp:list-item -->\n<li>Informaci\u00f3n de administraci\u00f3n<\/li>\n<!-- \/wp:list-item -->\n\n<!-- wp:list-item -->\n<li>Publicidad dirigida<\/li>\n<!-- \/wp:list-item -->\n\n<!-- wp:list-item -->\n<li>Gesti\u00f3n de pedidos de clientes<\/li>\n<!-- \/wp:list-item -->\n\n<!-- wp:list-item -->\n<li>Protecci\u00f3n del sitio<\/li>\n<!-- \/wp:list-item -->\n\n<!-- wp:list-item -->\n<li>Resoluci\u00f3n de disputas<\/li>\n<!-- \/wp:list-item -->\n\n<!-- wp:list-item -->\n<li>Administraci\u00f3n de cuentas de usuario<\/li>\n<!-- \/wp:list-item --><\/ul>\n<!-- \/wp:list -->\n\n<!-- wp:paragraph -->\n<p>Si tenemos la intenci\u00f3n de utilizar su informaci\u00f3n para cualquier otro prop\u00f3sito, solicitaremos su consentimiento y solo usaremos su informaci\u00f3n para los fines para los que otorga consentimiento, a menos que la ley exija lo contrario.<\/p>\n<!-- \/wp:paragraph -->\n\n<!-- wp:heading {\"level\":3} -->\n<h3 class=\"wp-block-heading\">Retenci\u00f3n de su informaci\u00f3n:<\/h3>\n<!-- \/wp:heading -->\n\n<!-- wp:paragraph -->\n<p>Conservaremos su informaci\u00f3n personal durante 90 d\u00edas a 2 a\u00f1os despu\u00e9s de que los usuarios cancelen sus cuentas o durante el tiempo que sea necesario para cumplir con los fines para los que se recopil\u00f3, como se detalla en esta Pol\u00edtica de privacidad. Es posible que cierta informaci\u00f3n deba conservarse durante per\u00edodos m\u00e1s largos para fines leg\u00edtimos, como el cumplimiento legal, la prevenci\u00f3n de fraudes y el mantenimiento de registros. La informaci\u00f3n an\u00f3nima y agregada, que no lo identifica directa o indirectamente, puede conservarse indefinidamente.<\/p>\n<!-- \/wp:paragraph -->\n\n<!-- wp:heading {\"level\":3} -->\n<h3 class=\"wp-block-heading\">Your Rights:<\/h3>\n<!-- \/wp:heading -->\n\n<!-- wp:paragraph -->\n<p>Dependiendo de las leyes aplicables, es posible que tenga derechos con respecto a sus datos personales, entre ellos:<\/p>\n<!-- \/wp:paragraph -->\n\n<!-- wp:list -->\n<ul class=\"wp-block-list\"><!-- wp:list-item -->\n<li>Acceso y rectificaci\u00f3n o supresi\u00f3n de sus datos personales<\/li>\n<!-- \/wp:list-item -->\n\n<!-- wp:list-item -->\n<li>Limitaci\u00f3n u oposici\u00f3n al tratamiento de sus datos<\/li>\n<!-- \/wp:list-item -->\n\n<!-- wp:list-item -->\n<li>Solicitar una copia de sus datos personales<\/li>\n<!-- \/wp:list-item -->\n\n<!-- wp:list-item -->\n<li>Pedirnos que compartamos (portemos) su informaci\u00f3n personal con otra entidad<\/li>\n<!-- \/wp:list-item -->\n\n<!-- wp:list-item -->\n<li>Retirar el consentimiento previamente prestado<\/li>\n<!-- \/wp:list-item -->\n\n<!-- wp:list-item -->\n<li>Presentaci\u00f3n de una queja ante una autoridad legal<\/li>\n<!-- \/wp:list-item --><\/ul>\n<!-- \/wp:list -->\n\n<!-- wp:paragraph -->\n<p>Para ejercer estos derechos, puede escribirnos a <a>support@vpnworlds.com<\/a>. Responderemos de acuerdo con las leyes aplicables. Tenga en cuenta que negarse a proporcionar o retirar el consentimiento para el procesamiento de la informaci\u00f3n requerida puede restringir el acceso a ciertos servicios.<\/p>\n<!-- \/wp:paragraph -->\n\n<!-- wp:heading {\"level\":3} -->\n<h3 class=\"wp-block-heading\">Cookies y tecnolog\u00edas de seguimiento:<\/h3>\n<!-- \/wp:heading -->\n\n<!-- wp:paragraph -->\n<p>Para obtener informaci\u00f3n sobre c\u00f3mo utilizamos las cookies y otras tecnolog\u00edas de seguimiento, y sus opciones con respecto a ellas, consulte nuestra Pol\u00edtica de cookies.<\/p>\n<!-- \/wp:paragraph -->\n\n<!-- wp:heading {\"level\":3} -->\n<h3 class=\"wp-block-heading\">Seguridad:<\/h3>\n<!-- \/wp:heading -->\n\n<!-- wp:paragraph -->\n<p>Tomamos medidas razonables para proteger su informaci\u00f3n contra p\u00e9rdidas, usos indebidos o accesos, alteraciones y divulgaciones no autorizados. Sin embargo, debido a los riesgos inherentes, no podemos garantizar una seguridad absoluta, y cualquier transmisi\u00f3n de informaci\u00f3n a nosotros es bajo su propio riesgo.<\/p>\n<!-- \/wp:paragraph -->\n\n<!-- wp:heading {\"level\":3} -->\n<h3 class=\"wp-block-heading\">Enlaces de terceros y uso de la informaci\u00f3n:<\/h3>\n<!-- \/wp:heading -->\n\n<!-- wp:paragraph -->\n<p>Nuestro Servicio puede contener enlaces a sitios web de terceros no operados por nosotros. Esta Pol\u00edtica de Privacidad no se aplica a esos sitios web ni a sus pr\u00e1cticas. Le recomendamos que revise las pol\u00edticas de privacidad de los sitios web de terceros que visite. No somos responsables del contenido, las pol\u00edticas de privacidad o las pr\u00e1cticas de los sitios o servicios de terceros.<\/p>\n<!-- \/wp:paragraph -->\n\n<!-- wp:heading {\"level\":3} -->\n<h3 class=\"wp-block-heading\">Oficial de Quejas\/Protecci\u00f3n de Datos:<\/h3>\n<!-- \/wp:heading -->\n\n<!-- wp:paragraph -->\n<p>Si tiene alguna pregunta o inquietud con respecto al procesamiento de su informaci\u00f3n, puede comunicarse con nuestro Oficial de Quejas al <strong>Mundos VPN<\/strong>, Emmasingel 33, 5611 AZ Eindhoven Netherlands. Correo electr\u00f3nico: <a>support@vpnworlds.com<\/a>. Abordaremos sus inquietudes de acuerdo con las leyes aplicables.<\/p>\n<!-- \/wp:paragraph -->\n\n<!-- wp:heading -->\n<h2 class=\"wp-block-heading\">D\u00f3nde se env\u00edan sus datos<\/h2>\n<!-- \/wp:heading -->\n\n<!-- wp:paragraph -->\n<p><strong class=\"privacy-policy-tutorial\">Texto sugerido: <\/strong>Los comentarios de los visitantes pueden ser revisados a trav\u00e9s de un servicio automatizado de detecci\u00f3n de spam.<\/p>\n<!-- \/wp:paragraph -->\n\n<!-- wp:paragraph -->\n<p>&nbsp;<\/p>\n<!-- \/wp:paragraph -->\t\t\t\t\t\t\t\t<\/div>\n\t\t\t\t<\/div>\n\t\t\t\t\t<\/div>\n\t\t\t\t<\/div>\n\t\t\t\t<\/div>","protected":false},"excerpt":{"rendered":"<p>Privacy Policy This Privacy Policy describes the policies of VPN Worlds, Emmasingel 33, 5611 AZ Eindhoven Netherlands. email: support@vpnworlds.com, phone: +88 01566336368, on the collection, use, and disclosure of your information that we collect when you use our website (https:\/\/vpnworlds.com) (the \u201cService\u201d). By accessing or using the Service, you are consenting to the collection, use, [&hellip;]<\/p>","protected":false},"author":1,"featured_media":0,"parent":0,"menu_order":0,"comment_status":"closed","ping_status":"closed","template":"page-templates\/pages.php","meta":{"_monsterinsights_skip_tracking":false,"_monsterinsights_sitenote_active":false,"_monsterinsights_sitenote_note":"","_monsterinsights_sitenote_category":0,"footnotes":""},"class_list":["post-3","page","type-page","status-publish","hentry"],"yoast_head":"<!-- This site is optimized with the Yoast SEO Premium plugin v24.1 (Yoast SEO v24.2) - https:\/\/yoast.com\/wordpress\/plugins\/seo\/ -->\n<title>Privacy Policy | VPN Worlds Company<\/title>\n<meta name=\"description\" content=\"At VPN Worlds, we prioritize your data security. Our comprehensive Privacy Policy details how we collect, use, and protect your personal information. Discover our range of secure VoIP solutions including VPN4GW, VRS, CryptoSIM, GoIP Gateway, and our advanced VOS3000 Softswitch. We also offer reliable VPS and Web Hosting services.\" \/>\n<meta name=\"robots\" content=\"noindex, follow, max-snippet:-1, max-image-preview:large, max-video-preview:-1\" \/>\n<meta property=\"og:locale\" content=\"es_ES\" \/>\n<meta property=\"og:type\" content=\"article\" \/>\n<meta property=\"og:title\" content=\"Privacy Policy\" \/>\n<meta property=\"og:description\" content=\"At VPN Worlds, we prioritize your data security. Our comprehensive Privacy Policy details how we collect, use, and protect your personal information. Discover our range of secure VoIP solutions including VPN4GW, VRS, CryptoSIM, GoIP Gateway, and our advanced VOS3000 Softswitch. We also offer reliable VPS and Web Hosting services.\" \/>\n<meta property=\"og:url\" content=\"https:\/\/new.vpnworlds.com\/es\/privacy-policy\/\" \/>\n<meta property=\"og:site_name\" content=\"Your Save, Secure, Reliable &amp; Trusted Partner.\" \/>\n<meta property=\"article:publisher\" content=\"https:\/\/facebook.com\/vpnworlds\" \/>\n<meta property=\"article:modified_time\" content=\"2024-12-23T13:36:58+00:00\" \/>\n<meta name=\"twitter:card\" content=\"summary_large_image\" \/>\n<meta name=\"twitter:site\" content=\"@vpnworlds\" \/>\n<meta name=\"twitter:label1\" content=\"Tiempo de lectura\" \/>\n\t<meta name=\"twitter:data1\" content=\"3 minutos\" \/>\n<script type=\"application\/ld+json\" class=\"yoast-schema-graph\">{\"@context\":\"https:\/\/schema.org\",\"@graph\":[{\"@type\":\"WebPage\",\"@id\":\"https:\/\/new.vpnworlds.com\/privacy-policy\/\",\"url\":\"https:\/\/new.vpnworlds.com\/privacy-policy\/\",\"name\":\"Privacy Policy | VPN Worlds Company\",\"isPartOf\":{\"@id\":\"https:\/\/new.vpnworlds.com\/#website\"},\"datePublished\":\"2024-12-04T22:19:56+00:00\",\"dateModified\":\"2024-12-23T13:36:58+00:00\",\"description\":\"At VPN Worlds, we prioritize your data security. Our comprehensive Privacy Policy details how we collect, use, and protect your personal information. Discover our range of secure VoIP solutions including VPN4GW, VRS, CryptoSIM, GoIP Gateway, and our advanced VOS3000 Softswitch. We also offer reliable VPS and Web Hosting services.\",\"breadcrumb\":{\"@id\":\"https:\/\/new.vpnworlds.com\/privacy-policy\/#breadcrumb\"},\"inLanguage\":\"es\",\"potentialAction\":[{\"@type\":\"ReadAction\",\"target\":[\"https:\/\/new.vpnworlds.com\/privacy-policy\/\"]}]},{\"@type\":\"BreadcrumbList\",\"@id\":\"https:\/\/new.vpnworlds.com\/privacy-policy\/#breadcrumb\",\"itemListElement\":[{\"@type\":\"ListItem\",\"position\":1,\"name\":\"Home\",\"item\":\"https:\/\/new.vpnworlds.com\/\"},{\"@type\":\"ListItem\",\"position\":2,\"name\":\"Privacy Policy\"}]},{\"@type\":\"WebSite\",\"@id\":\"https:\/\/new.vpnworlds.com\/#website\",\"url\":\"https:\/\/new.vpnworlds.com\/\",\"name\":\"Your Save, Secure, Reliable & Trusted Partner.\",\"description\":\"\",\"publisher\":{\"@id\":\"https:\/\/new.vpnworlds.com\/#organization\"},\"potentialAction\":[{\"@type\":\"SearchAction\",\"target\":{\"@type\":\"EntryPoint\",\"urlTemplate\":\"https:\/\/new.vpnworlds.com\/?s={search_term_string}\"},\"query-input\":{\"@type\":\"PropertyValueSpecification\",\"valueRequired\":true,\"valueName\":\"search_term_string\"}}],\"inLanguage\":\"es\"},{\"@type\":\"Organization\",\"@id\":\"https:\/\/new.vpnworlds.com\/#organization\",\"name\":\"Your Save, Secure, Reliable & Trusted Partner.\",\"url\":\"https:\/\/new.vpnworlds.com\/\",\"logo\":{\"@type\":\"ImageObject\",\"inLanguage\":\"es\",\"@id\":\"https:\/\/new.vpnworlds.com\/#\/schema\/logo\/image\/\",\"url\":\"https:\/\/new.vpnworlds.com\/wp-content\/uploads\/2024\/12\/VPNWorlds-Logo.png\",\"contentUrl\":\"https:\/\/new.vpnworlds.com\/wp-content\/uploads\/2024\/12\/VPNWorlds-Logo.png\",\"width\":320,\"height\":120,\"caption\":\"Your Save, Secure, Reliable & Trusted Partner.\"},\"image\":{\"@id\":\"https:\/\/new.vpnworlds.com\/#\/schema\/logo\/image\/\"},\"sameAs\":[\"https:\/\/facebook.com\/vpnworlds\",\"https:\/\/x.com\/vpnworlds\",\"https:\/\/www.instagram.com\/vpnworlds\"]}]}<\/script>\n<!-- \/ Yoast SEO Premium plugin. -->","yoast_head_json":{"title":"Privacy Policy | VPN Worlds Company","description":"At VPN Worlds, we prioritize your data security. Our comprehensive Privacy Policy details how we collect, use, and protect your personal information. Discover our range of secure VoIP solutions including VPN4GW, VRS, CryptoSIM, GoIP Gateway, and our advanced VOS3000 Softswitch. We also offer reliable VPS and Web Hosting services.","robots":{"index":"noindex","follow":"follow","max-snippet":"max-snippet:-1","max-image-preview":"max-image-preview:large","max-video-preview":"max-video-preview:-1"},"og_locale":"es_ES","og_type":"article","og_title":"Privacy Policy","og_description":"At VPN Worlds, we prioritize your data security. Our comprehensive Privacy Policy details how we collect, use, and protect your personal information. Discover our range of secure VoIP solutions including VPN4GW, VRS, CryptoSIM, GoIP Gateway, and our advanced VOS3000 Softswitch. We also offer reliable VPS and Web Hosting services.","og_url":"https:\/\/new.vpnworlds.com\/es\/privacy-policy\/","og_site_name":"Your Save, Secure, Reliable &amp; Trusted Partner.","article_publisher":"https:\/\/facebook.com\/vpnworlds","article_modified_time":"2024-12-23T13:36:58+00:00","twitter_card":"summary_large_image","twitter_site":"@vpnworlds","twitter_misc":{"Tiempo de lectura":"3 minutos"},"schema":{"@context":"https:\/\/schema.org","@graph":[{"@type":"WebPage","@id":"https:\/\/new.vpnworlds.com\/privacy-policy\/","url":"https:\/\/new.vpnworlds.com\/privacy-policy\/","name":"Privacy Policy | VPN Worlds Company","isPartOf":{"@id":"https:\/\/new.vpnworlds.com\/#website"},"datePublished":"2024-12-04T22:19:56+00:00","dateModified":"2024-12-23T13:36:58+00:00","description":"At VPN Worlds, we prioritize your data security. Our comprehensive Privacy Policy details how we collect, use, and protect your personal information. Discover our range of secure VoIP solutions including VPN4GW, VRS, CryptoSIM, GoIP Gateway, and our advanced VOS3000 Softswitch. We also offer reliable VPS and Web Hosting services.","breadcrumb":{"@id":"https:\/\/new.vpnworlds.com\/privacy-policy\/#breadcrumb"},"inLanguage":"es","potentialAction":[{"@type":"ReadAction","target":["https:\/\/new.vpnworlds.com\/privacy-policy\/"]}]},{"@type":"BreadcrumbList","@id":"https:\/\/new.vpnworlds.com\/privacy-policy\/#breadcrumb","itemListElement":[{"@type":"ListItem","position":1,"name":"Home","item":"https:\/\/new.vpnworlds.com\/"},{"@type":"ListItem","position":2,"name":"Privacy Policy"}]},{"@type":"WebSite","@id":"https:\/\/new.vpnworlds.com\/#website","url":"https:\/\/new.vpnworlds.com\/","name":"Your Save, Secure, Reliable & Trusted Partner.","description":"","publisher":{"@id":"https:\/\/new.vpnworlds.com\/#organization"},"potentialAction":[{"@type":"SearchAction","target":{"@type":"EntryPoint","urlTemplate":"https:\/\/new.vpnworlds.com\/?s={search_term_string}"},"query-input":{"@type":"PropertyValueSpecification","valueRequired":true,"valueName":"search_term_string"}}],"inLanguage":"es"},{"@type":"Organization","@id":"https:\/\/new.vpnworlds.com\/#organization","name":"Your Save, Secure, Reliable & Trusted Partner.","url":"https:\/\/new.vpnworlds.com\/","logo":{"@type":"ImageObject","inLanguage":"es","@id":"https:\/\/new.vpnworlds.com\/#\/schema\/logo\/image\/","url":"https:\/\/new.vpnworlds.com\/wp-content\/uploads\/2024\/12\/VPNWorlds-Logo.png","contentUrl":"https:\/\/new.vpnworlds.com\/wp-content\/uploads\/2024\/12\/VPNWorlds-Logo.png","width":320,"height":120,"caption":"Your Save, Secure, Reliable & Trusted Partner."},"image":{"@id":"https:\/\/new.vpnworlds.com\/#\/schema\/logo\/image\/"},"sameAs":["https:\/\/facebook.com\/vpnworlds","https:\/\/x.com\/vpnworlds","https:\/\/www.instagram.com\/vpnworlds"]}]}},"_links":{"self":[{"href":"https:\/\/new.vpnworlds.com\/es\/wp-json\/wp\/v2\/pages\/3","targetHints":{"allow":["GET"]}}],"collection":[{"href":"https:\/\/new.vpnworlds.com\/es\/wp-json\/wp\/v2\/pages"}],"about":[{"href":"https:\/\/new.vpnworlds.com\/es\/wp-json\/wp\/v2\/types\/page"}],"author":[{"embeddable":true,"href":"https:\/\/new.vpnworlds.com\/es\/wp-json\/wp\/v2\/users\/1"}],"replies":[{"embeddable":true,"href":"https:\/\/new.vpnworlds.com\/es\/wp-json\/wp\/v2\/comments?post=3"}],"version-history":[{"count":13,"href":"https:\/\/new.vpnworlds.com\/es\/wp-json\/wp\/v2\/pages\/3\/revisions"}],"predecessor-version":[{"id":3180,"href":"https:\/\/new.vpnworlds.com\/es\/wp-json\/wp\/v2\/pages\/3\/revisions\/3180"}],"wp:attachment":[{"href":"https:\/\/new.vpnworlds.com\/es\/wp-json\/wp\/v2\/media?parent=3"}],"curies":[{"name":"wp","href":"https:\/\/api.w.org\/{rel}","templated":true}]}}