{"id":358,"date":"2022-02-01T10:21:23","date_gmt":"2022-02-01T10:21:23","guid":{"rendered":"https:\/\/wpriverthemes.com\/tandaelem\/?page_id=358"},"modified":"2024-12-23T12:38:10","modified_gmt":"2024-12-23T12:38:10","slug":"faq","status":"publish","type":"page","link":"https:\/\/new.vpnworlds.com\/es\/faq\/","title":{"rendered":"Ayuda y preguntas frecuentes"},"content":{"rendered":"<div data-elementor-type=\"wp-page\" data-elementor-id=\"358\" class=\"elementor elementor-358\" data-elementor-post-type=\"page\">\n\t\t\t\t\t\t<section class=\"elementor-section elementor-top-section elementor-element elementor-element-2be966e elementor-section-full_width elementor-section-height-default elementor-section-height-default\" data-id=\"2be966e\" data-element_type=\"section\">\n\t\t\t\t\t\t<div class=\"elementor-container elementor-column-gap-no\">\n\t\t\t\t\t<div class=\"elementor-column elementor-col-100 elementor-top-column elementor-element elementor-element-c7e55cc\" data-id=\"c7e55cc\" data-element_type=\"column\">\n\t\t\t<div class=\"elementor-widget-wrap elementor-element-populated\">\n\t\t\t\t\t\t<div class=\"elementor-element elementor-element-de54706 elementor-widget elementor-widget-faq\" data-id=\"de54706\" data-element_type=\"widget\" data-widget_type=\"faq.default\">\n\t\t\t\t<div class=\"elementor-widget-container\">\n\t\t\t\t\t\n        <!-- Start Faq \n    ============================================= -->\n    <div class=\"faq-area default-padding\">\n        <div class=\"container\">\n            <div class=\"faq-items\">\n                <div class=\"row\">\n\n                    <div class=\"col-lg-5 info\">\n                        <h5>Preguntas frecuentes<\/h5>\n                        <h2>Preguntas m\u00e1s comunes sobre nuestros servicios de<\/h2>\n                        <a href=\"https:\/\/new.vpnworlds.com\/es\/faq\/\" class=\"btn btn-theme effect btn-md\">Ver todo<\/a>\n                    <\/div>\n\n                    <div class=\"col-lg-7\">\n                        <div class=\"faq-content\">\n                            <div class=\"accordion\" id=\"accordionExample\">\n                                            <div class=\"card\">\n                    <div class=\"card-header\" id=\"headingOne\">\n                        <h4 class=\"mb-0\" data-toggle=\"collapse\" data-target=\"#collapseOne\" aria-expanded=\"true\" aria-controls=\"collapseOne\">\n                            \u00bfC\u00f3mo puedo empezar a utilizar los servicios de VPN Worlds?                        <\/h4>\n                    <\/div>\n\n                    <div id=\"collapseOne\" class=\"collapse show\" aria-labelledby=\"headingOne\" data-parent=\"#accordionExample\">\n                        <div class=\"card-body\">\n                            <p>\n                                \u00a1Empezar es sencillo! Puedes:\n\nP\u00f3ngase en contacto con nuestro equipo para una consulta.\nExplore nuestro sitio web para elegir el plan o servicio que se adapte a sus necesidades.\nSolicite una demostraci\u00f3n de nuestras soluciones de VOS3000 Softswitch o hosting para ver c\u00f3mo pueden beneficiar a su negocio.\nNuestro equipo est\u00e1 listo para guiarlo a trav\u00e9s del proceso de incorporaci\u00f3n y adaptar nuestros servicios a sus requisitos espec\u00edficos.                            <\/p>\n                        <\/div>\n                    <\/div>\n                <\/div>\n\n                        <div class=\"card\">\n                    <div class=\"card-header\" id=\"headingTwo\">\n                        <h4 class=\"mb-0\" data-toggle=\"collapse\" data-target=\"#collapseTwo\" aria-expanded=\"true\" aria-controls=\"collapseTwo\">\n                            \u00bfSus soluciones son escalables a medida que crece mi negocio?                        <\/h4>\n                    <\/div>\n\n                    <div id=\"collapseTwo\" class=\"collapse\" aria-labelledby=\"headingTwo\" data-parent=\"#accordionExample\">\n                        <div class=\"card-body\">\n                            <p>\n                                \u00a1Absolutamente! Todos nuestros servicios est\u00e1n dise\u00f1ados teniendo en cuenta la escalabilidad. Ya sea que est\u00e9 comenzando con un alojamiento b\u00e1sico o una configuraci\u00f3n de VoIP m\u00e1s peque\u00f1a, nuestras soluciones pueden expandirse a medida que evolucionan las necesidades de su negocio.                            <\/p>\n                        <\/div>\n                    <\/div>\n                <\/div>\n\n                        <div class=\"card\">\n                    <div class=\"card-header\" id=\"headingThree\">\n                        <h4 class=\"mb-0\" data-toggle=\"collapse\" data-target=\"#collapseThree\" aria-expanded=\"true\" aria-controls=\"collapseThree\">\n                            \u00bfQu\u00e9 servicios de alojamiento ofrece VPN Worlds?                        <\/h4>\n                    <\/div>\n\n                    <div id=\"collapseThree\" class=\"collapse\" aria-labelledby=\"headingThree\" data-parent=\"#accordionExample\">\n                        <div class=\"card-body\">\n                            <p>\n                                Ofrecemos:\n\nAlojamiento web: Ideal para sitios web de todo tipo, que ofrece un alto tiempo de actividad, optimizaci\u00f3n de la velocidad y escalabilidad.\nAlojamiento VPS: Para empresas que necesitan recursos dedicados, seguridad mejorada y entornos de servidor personalizables.\nAmbas opciones est\u00e1n dise\u00f1adas para manejar las demandas de las operaciones digitales modernas.                            <\/p>\n                        <\/div>\n                    <\/div>\n                <\/div>\n\n                        <div class=\"card\">\n                    <div class=\"card-header\" id=\"headingFour\">\n                        <h4 class=\"mb-0\" data-toggle=\"collapse\" data-target=\"#collapseFour\" aria-expanded=\"true\" aria-controls=\"collapseFour\">\n                            \u00bfQu\u00e9 hace que tus planes de alojamiento web sean \u00fanicos?                        <\/h4>\n                    <\/div>\n\n                    <div id=\"collapseFour\" class=\"collapse\" aria-labelledby=\"headingFour\" data-parent=\"#accordionExample\">\n                        <div class=\"card-body\">\n                            <p>\n                                Nuestros planes de alojamiento web se destacan por:\n\nTiempo de actividad confiable: Garantizar que su sitio web sea accesible las 24 horas del d\u00eda, los 7 d\u00edas de la semana.\nOptimizaci\u00f3n de la velocidad: Velocidades de carga mejoradas para una mejor experiencia de usuario y SEO.\nPlanes flexibles: Opciones escalables para crecer con tu negocio.\nTambi\u00e9n brindamos un excelente servicio de atenci\u00f3n al cliente para garantizar que su experiencia de alojamiento sea sin complicaciones.                            <\/p>\n                        <\/div>\n                    <\/div>\n                <\/div>\n\n                        <div class=\"card\">\n                    <div class=\"card-header\" id=\"headingFive\">\n                        <h4 class=\"mb-0\" data-toggle=\"collapse\" data-target=\"#collapseFive\" aria-expanded=\"true\" aria-controls=\"collapseFive\">\n                            \u00bfQu\u00e9 tan seguros son sus servicios de alojamiento y VoIP?                        <\/h4>\n                    <\/div>\n\n                    <div id=\"collapseFive\" class=\"collapse\" aria-labelledby=\"headingFive\" data-parent=\"#accordionExample\">\n                        <div class=\"card-body\">\n                            <p>\n                                La seguridad es una prioridad en VPN Worlds. Utilizamos protocolos de seguridad avanzados, cortafuegos y cifrado para proteger sus datos y comunicaciones. Las actualizaciones peri\u00f3dicas y la supervisi\u00f3n proactiva garantizan que sus sistemas permanezcan seguros frente a posibles amenazas.                            <\/p>\n                        <\/div>\n                    <\/div>\n                <\/div>\n\n                        <div class=\"card\">\n                    <div class=\"card-header\" id=\"headingSix\">\n                        <h4 class=\"mb-0\" data-toggle=\"collapse\" data-target=\"#collapseSix\" aria-expanded=\"true\" aria-controls=\"collapseSix\">\n                            \u00bfQu\u00e9 tipos de soluciones VoIP ofrece VPN Worlds?                        <\/h4>\n                    <\/div>\n\n                    <div id=\"collapseSix\" class=\"collapse\" aria-labelledby=\"headingSix\" data-parent=\"#accordionExample\">\n                        <div class=\"card-body\">\n                            <p>\n                                Ofrecemos cuatro soluciones VoIP distintas (VPNGW, VRS, GoIP, CryptoSIM) que se adaptan a empresas de varios tama\u00f1os y requisitos. Estas soluciones est\u00e1n dise\u00f1adas para garantizar una comunicaci\u00f3n de voz rentable y de alta calidad a trav\u00e9s de Internet, con caracter\u00edsticas como un s\u00f3lido enrutamiento de llamadas, escalabilidad e interfaces f\u00e1ciles de usar.                            <\/p>\n                        <\/div>\n                    <\/div>\n                <\/div>\n\n                        <div class=\"card\">\n                    <div class=\"card-header\" id=\"headingSeven\">\n                        <h4 class=\"mb-0\" data-toggle=\"collapse\" data-target=\"#collapseSeven\" aria-expanded=\"true\" aria-controls=\"collapseSeven\">\n                            \u00bfQu\u00e9 versiones de VOS3000 Softswitch ofrecen?                        <\/h4>\n                    <\/div>\n\n                    <div id=\"collapseSeven\" class=\"collapse\" aria-labelledby=\"headingSeven\" data-parent=\"#accordionExample\">\n                        <div class=\"card-body\">\n                            <p>\n                                VPN Worlds ofrece cuatro versiones de VOS3000 Softswitch, entre las que se incluyen:\n\nVOS3000 2.1.8.0: Funciones avanzadas para empresas.\nVOS3000 2.1.6.0: Estable y adaptable a necesidades din\u00e1micas.\nVOS3000 2.1.4.0: Rentable para operaciones de mediana escala.\nVOS3000 2.1.2.4: Ideal para empresas peque\u00f1as y en crecimiento.\nCada versi\u00f3n viene con opciones de personalizaci\u00f3n para adaptarse a requisitos operativos espec\u00edficos.                            <\/p>\n                        <\/div>\n                    <\/div>\n                <\/div>\n\n                        <div class=\"card\">\n                    <div class=\"card-header\" id=\"headingEight\">\n                        <h4 class=\"mb-0\" data-toggle=\"collapse\" data-target=\"#collapseEight\" aria-expanded=\"true\" aria-controls=\"collapseEight\">\n                            \u00bfCu\u00e1les son los beneficios de usar VOS3000 Softswitch?                        <\/h4>\n                    <\/div>\n\n                    <div id=\"collapseEight\" class=\"collapse\" aria-labelledby=\"headingEight\" data-parent=\"#accordionExample\">\n                        <div class=\"card-body\">\n                            <p>\n                                VOS3000 Softswitch es una soluci\u00f3n todo en uno para la gesti\u00f3n de servicios de VoIP, que ofrece:\n\nGesti\u00f3n eficiente de llamadas.\nFunciones de facturaci\u00f3n y seguimiento.\nSoporte para m\u00faltiples c\u00f3decs.\nAlta escalabilidad y fiabilidad.\nNuestras soluciones a medida garantizan que sus operaciones de VoIP sean fluidas y optimizadas.                            <\/p>\n                        <\/div>\n                    <\/div>\n                <\/div>\n\n                        <div class=\"card\">\n                    <div class=\"card-header\" id=\"headingThree\">\n                        <h4 class=\"mb-0\" data-toggle=\"collapse\" data-target=\"#collapseThree\" aria-expanded=\"true\" aria-controls=\"collapseThree\">\n                            \u00bfEn qu\u00e9 se diferencia el alojamiento VPS del alojamiento compartido?                        <\/h4>\n                    <\/div>\n\n                    <div id=\"collapseThree\" class=\"collapse\" aria-labelledby=\"headingThree\" data-parent=\"#accordionExample\">\n                        <div class=\"card-body\">\n                            <p>\n                                Con el alojamiento VPS, obtienes:\n\nRecursos dedicados, a diferencia del alojamiento compartido, donde los recursos se dividen entre los usuarios.\nMayor rendimiento, lo que garantiza tiempos de carga r\u00e1pidos incluso durante mucho tr\u00e1fico.\nPersonalizaci\u00f3n completa de su entorno de servidor.\nEl alojamiento VPS es ideal para empresas que necesitan m\u00e1s potencia, seguridad y flexibilidad.                            <\/p>\n                        <\/div>\n                    <\/div>\n                <\/div>\n\n                        <div class=\"card\">\n                    <div class=\"card-header\" id=\"headingThree\">\n                        <h4 class=\"mb-0\" data-toggle=\"collapse\" data-target=\"#collapseThree\" aria-expanded=\"true\" aria-controls=\"collapseThree\">\n                            \u00bfOfrecen soporte para configurar y administrar servicios de VoIP o alojamiento?                        <\/h4>\n                    <\/div>\n\n                    <div id=\"collapseThree\" class=\"collapse\" aria-labelledby=\"headingThree\" data-parent=\"#accordionExample\">\n                        <div class=\"card-body\">\n                            <p>\n                                Con el alojamiento VPS, obtienes:\n\nRecursos dedicados, a diferencia del alojamiento compartido, donde los recursos se dividen entre los usuarios.\nMayor rendimiento, lo que garantiza tiempos de carga r\u00e1pidos incluso durante mucho tr\u00e1fico.\nPersonalizaci\u00f3n completa de su entorno de servidor.\nEl alojamiento VPS es ideal para empresas que necesitan m\u00e1s potencia, seguridad y flexibilidad.                            <\/p>\n                        <\/div>\n                    <\/div>\n                <\/div>\n\n        \n                      <\/div>\n                        <\/div>\n                    <\/div>\n\n                <\/div>\n            <\/div>\n        <\/div>\n    <\/div>\n    <!-- End Faq Area -->\n\n    \t\t\t\t<\/div>\n\t\t\t\t<\/div>\n\t\t\t\t\t<\/div>\n\t\t<\/div>\n\t\t\t\t\t<\/div>\n\t\t<\/section>\n\t\t\t\t<\/div>","protected":false},"excerpt":{"rendered":"<p>FAQs Most Common Question About Our Services View All How can I get started with VPN Worlds services? Getting started is simple! You can: Contact our team for a consultation. Explore our website to choose the plan or service that suits your needs. Request a demo of our VOS3000 Softswitch or hosting solutions to see [&hellip;]<\/p>","protected":false},"author":1,"featured_media":359,"parent":0,"menu_order":0,"comment_status":"closed","ping_status":"closed","template":"","meta":{"_monsterinsights_skip_tracking":false,"_monsterinsights_sitenote_active":false,"_monsterinsights_sitenote_note":"","_monsterinsights_sitenote_category":0,"footnotes":""},"class_list":["post-358","page","type-page","status-publish","has-post-thumbnail","hentry"],"yoast_head":"<!-- This site is optimized with the Yoast SEO Premium plugin v24.1 (Yoast SEO v24.2) - https:\/\/yoast.com\/wordpress\/plugins\/seo\/ -->\n<title>Expert Support for VoIP Solutions Help and FAQs | VPN Worlds<\/title>\n<meta name=\"description\" content=\"Find answers to your questions with our Help and FAQs at VPN Worlds Company. Get expert support for VoIP solutions, troubleshooting, and more. Enhance your communication efficiency today.\" \/>\n<meta name=\"robots\" content=\"noindex, follow, max-snippet:-1, max-image-preview:large, max-video-preview:-1\" \/>\n<meta property=\"og:locale\" content=\"es_ES\" \/>\n<meta property=\"og:type\" content=\"article\" \/>\n<meta property=\"og:title\" content=\"Help &amp; FAQs\" \/>\n<meta property=\"og:description\" content=\"Find answers to your questions with our Help and FAQs at VPN Worlds Company. Get expert support for VoIP solutions, troubleshooting, and more. Enhance your communication efficiency today.\" \/>\n<meta property=\"og:url\" content=\"https:\/\/new.vpnworlds.com\/es\/faq\/\" \/>\n<meta property=\"og:site_name\" content=\"Your Save, Secure, Reliable &amp; Trusted Partner.\" \/>\n<meta property=\"article:publisher\" content=\"https:\/\/facebook.com\/vpnworlds\" \/>\n<meta property=\"article:modified_time\" content=\"2024-12-23T12:38:10+00:00\" \/>\n<meta property=\"og:image\" content=\"https:\/\/new.vpnworlds.com\/wp-content\/uploads\/2022\/02\/13.jpg\" \/>\n\t<meta property=\"og:image:width\" content=\"1900\" \/>\n\t<meta property=\"og:image:height\" content=\"796\" \/>\n\t<meta property=\"og:image:type\" content=\"image\/jpeg\" \/>\n<meta name=\"twitter:card\" content=\"summary_large_image\" \/>\n<meta name=\"twitter:site\" content=\"@vpnworlds\" \/>\n<meta name=\"twitter:label1\" content=\"Tiempo de lectura\" \/>\n\t<meta name=\"twitter:data1\" content=\"3 minutos\" \/>\n<script type=\"application\/ld+json\" class=\"yoast-schema-graph\">{\"@context\":\"https:\/\/schema.org\",\"@graph\":[{\"@type\":\"WebPage\",\"@id\":\"https:\/\/new.vpnworlds.com\/faq\/\",\"url\":\"https:\/\/new.vpnworlds.com\/faq\/\",\"name\":\"Expert Support for VoIP Solutions Help and FAQs | VPN Worlds\",\"isPartOf\":{\"@id\":\"https:\/\/new.vpnworlds.com\/#website\"},\"primaryImageOfPage\":{\"@id\":\"https:\/\/new.vpnworlds.com\/faq\/#primaryimage\"},\"image\":{\"@id\":\"https:\/\/new.vpnworlds.com\/faq\/#primaryimage\"},\"thumbnailUrl\":\"https:\/\/new.vpnworlds.com\/wp-content\/uploads\/2022\/02\/13.jpg\",\"datePublished\":\"2022-02-01T10:21:23+00:00\",\"dateModified\":\"2024-12-23T12:38:10+00:00\",\"description\":\"Find answers to your questions with our Help and FAQs at VPN Worlds Company. Get expert support for VoIP solutions, troubleshooting, and more. Enhance your communication efficiency today.\",\"breadcrumb\":{\"@id\":\"https:\/\/new.vpnworlds.com\/faq\/#breadcrumb\"},\"inLanguage\":\"es\",\"potentialAction\":[{\"@type\":\"ReadAction\",\"target\":[\"https:\/\/new.vpnworlds.com\/faq\/\"]}]},{\"@type\":\"ImageObject\",\"inLanguage\":\"es\",\"@id\":\"https:\/\/new.vpnworlds.com\/faq\/#primaryimage\",\"url\":\"https:\/\/new.vpnworlds.com\/wp-content\/uploads\/2022\/02\/13.jpg\",\"contentUrl\":\"https:\/\/new.vpnworlds.com\/wp-content\/uploads\/2022\/02\/13.jpg\",\"width\":1900,\"height\":796,\"caption\":\"faq\/13\"},{\"@type\":\"BreadcrumbList\",\"@id\":\"https:\/\/new.vpnworlds.com\/faq\/#breadcrumb\",\"itemListElement\":[{\"@type\":\"ListItem\",\"position\":1,\"name\":\"Home\",\"item\":\"https:\/\/new.vpnworlds.com\/\"},{\"@type\":\"ListItem\",\"position\":2,\"name\":\"Help &#038; FAQs\"}]},{\"@type\":\"WebSite\",\"@id\":\"https:\/\/new.vpnworlds.com\/#website\",\"url\":\"https:\/\/new.vpnworlds.com\/\",\"name\":\"Your Save, Secure, Reliable & Trusted Partner.\",\"description\":\"\",\"publisher\":{\"@id\":\"https:\/\/new.vpnworlds.com\/#organization\"},\"potentialAction\":[{\"@type\":\"SearchAction\",\"target\":{\"@type\":\"EntryPoint\",\"urlTemplate\":\"https:\/\/new.vpnworlds.com\/?s={search_term_string}\"},\"query-input\":{\"@type\":\"PropertyValueSpecification\",\"valueRequired\":true,\"valueName\":\"search_term_string\"}}],\"inLanguage\":\"es\"},{\"@type\":\"Organization\",\"@id\":\"https:\/\/new.vpnworlds.com\/#organization\",\"name\":\"Your Save, Secure, Reliable & Trusted Partner.\",\"url\":\"https:\/\/new.vpnworlds.com\/\",\"logo\":{\"@type\":\"ImageObject\",\"inLanguage\":\"es\",\"@id\":\"https:\/\/new.vpnworlds.com\/#\/schema\/logo\/image\/\",\"url\":\"https:\/\/new.vpnworlds.com\/wp-content\/uploads\/2024\/12\/VPNWorlds-Logo.png\",\"contentUrl\":\"https:\/\/new.vpnworlds.com\/wp-content\/uploads\/2024\/12\/VPNWorlds-Logo.png\",\"width\":320,\"height\":120,\"caption\":\"Your Save, Secure, Reliable & Trusted Partner.\"},\"image\":{\"@id\":\"https:\/\/new.vpnworlds.com\/#\/schema\/logo\/image\/\"},\"sameAs\":[\"https:\/\/facebook.com\/vpnworlds\",\"https:\/\/x.com\/vpnworlds\",\"https:\/\/www.instagram.com\/vpnworlds\"]}]}<\/script>\n<!-- \/ Yoast SEO Premium plugin. -->","yoast_head_json":{"title":"Expert Support for VoIP Solutions Help and FAQs | VPN Worlds","description":"Find answers to your questions with our Help and FAQs at VPN Worlds Company. Get expert support for VoIP solutions, troubleshooting, and more. Enhance your communication efficiency today.","robots":{"index":"noindex","follow":"follow","max-snippet":"max-snippet:-1","max-image-preview":"max-image-preview:large","max-video-preview":"max-video-preview:-1"},"og_locale":"es_ES","og_type":"article","og_title":"Help & FAQs","og_description":"Find answers to your questions with our Help and FAQs at VPN Worlds Company. Get expert support for VoIP solutions, troubleshooting, and more. Enhance your communication efficiency today.","og_url":"https:\/\/new.vpnworlds.com\/es\/faq\/","og_site_name":"Your Save, Secure, Reliable &amp; Trusted Partner.","article_publisher":"https:\/\/facebook.com\/vpnworlds","article_modified_time":"2024-12-23T12:38:10+00:00","og_image":[{"width":1900,"height":796,"url":"https:\/\/new.vpnworlds.com\/wp-content\/uploads\/2022\/02\/13.jpg","type":"image\/jpeg"}],"twitter_card":"summary_large_image","twitter_site":"@vpnworlds","twitter_misc":{"Tiempo de lectura":"3 minutos"},"schema":{"@context":"https:\/\/schema.org","@graph":[{"@type":"WebPage","@id":"https:\/\/new.vpnworlds.com\/faq\/","url":"https:\/\/new.vpnworlds.com\/faq\/","name":"Expert Support for VoIP Solutions Help and FAQs | VPN Worlds","isPartOf":{"@id":"https:\/\/new.vpnworlds.com\/#website"},"primaryImageOfPage":{"@id":"https:\/\/new.vpnworlds.com\/faq\/#primaryimage"},"image":{"@id":"https:\/\/new.vpnworlds.com\/faq\/#primaryimage"},"thumbnailUrl":"https:\/\/new.vpnworlds.com\/wp-content\/uploads\/2022\/02\/13.jpg","datePublished":"2022-02-01T10:21:23+00:00","dateModified":"2024-12-23T12:38:10+00:00","description":"Find answers to your questions with our Help and FAQs at VPN Worlds Company. Get expert support for VoIP solutions, troubleshooting, and more. Enhance your communication efficiency today.","breadcrumb":{"@id":"https:\/\/new.vpnworlds.com\/faq\/#breadcrumb"},"inLanguage":"es","potentialAction":[{"@type":"ReadAction","target":["https:\/\/new.vpnworlds.com\/faq\/"]}]},{"@type":"ImageObject","inLanguage":"es","@id":"https:\/\/new.vpnworlds.com\/faq\/#primaryimage","url":"https:\/\/new.vpnworlds.com\/wp-content\/uploads\/2022\/02\/13.jpg","contentUrl":"https:\/\/new.vpnworlds.com\/wp-content\/uploads\/2022\/02\/13.jpg","width":1900,"height":796,"caption":"faq\/13"},{"@type":"BreadcrumbList","@id":"https:\/\/new.vpnworlds.com\/faq\/#breadcrumb","itemListElement":[{"@type":"ListItem","position":1,"name":"Home","item":"https:\/\/new.vpnworlds.com\/"},{"@type":"ListItem","position":2,"name":"Help &#038; FAQs"}]},{"@type":"WebSite","@id":"https:\/\/new.vpnworlds.com\/#website","url":"https:\/\/new.vpnworlds.com\/","name":"Your Save, Secure, Reliable & Trusted Partner.","description":"","publisher":{"@id":"https:\/\/new.vpnworlds.com\/#organization"},"potentialAction":[{"@type":"SearchAction","target":{"@type":"EntryPoint","urlTemplate":"https:\/\/new.vpnworlds.com\/?s={search_term_string}"},"query-input":{"@type":"PropertyValueSpecification","valueRequired":true,"valueName":"search_term_string"}}],"inLanguage":"es"},{"@type":"Organization","@id":"https:\/\/new.vpnworlds.com\/#organization","name":"Your Save, Secure, Reliable & Trusted Partner.","url":"https:\/\/new.vpnworlds.com\/","logo":{"@type":"ImageObject","inLanguage":"es","@id":"https:\/\/new.vpnworlds.com\/#\/schema\/logo\/image\/","url":"https:\/\/new.vpnworlds.com\/wp-content\/uploads\/2024\/12\/VPNWorlds-Logo.png","contentUrl":"https:\/\/new.vpnworlds.com\/wp-content\/uploads\/2024\/12\/VPNWorlds-Logo.png","width":320,"height":120,"caption":"Your Save, Secure, Reliable & Trusted Partner."},"image":{"@id":"https:\/\/new.vpnworlds.com\/#\/schema\/logo\/image\/"},"sameAs":["https:\/\/facebook.com\/vpnworlds","https:\/\/x.com\/vpnworlds","https:\/\/www.instagram.com\/vpnworlds"]}]}},"_links":{"self":[{"href":"https:\/\/new.vpnworlds.com\/es\/wp-json\/wp\/v2\/pages\/358","targetHints":{"allow":["GET"]}}],"collection":[{"href":"https:\/\/new.vpnworlds.com\/es\/wp-json\/wp\/v2\/pages"}],"about":[{"href":"https:\/\/new.vpnworlds.com\/es\/wp-json\/wp\/v2\/types\/page"}],"author":[{"embeddable":true,"href":"https:\/\/new.vpnworlds.com\/es\/wp-json\/wp\/v2\/users\/1"}],"replies":[{"embeddable":true,"href":"https:\/\/new.vpnworlds.com\/es\/wp-json\/wp\/v2\/comments?post=358"}],"version-history":[{"count":10,"href":"https:\/\/new.vpnworlds.com\/es\/wp-json\/wp\/v2\/pages\/358\/revisions"}],"predecessor-version":[{"id":3275,"href":"https:\/\/new.vpnworlds.com\/es\/wp-json\/wp\/v2\/pages\/358\/revisions\/3275"}],"wp:featuredmedia":[{"embeddable":true,"href":"https:\/\/new.vpnworlds.com\/es\/wp-json\/wp\/v2\/media\/359"}],"wp:attachment":[{"href":"https:\/\/new.vpnworlds.com\/es\/wp-json\/wp\/v2\/media?parent=358"}],"curies":[{"name":"wp","href":"https:\/\/api.w.org\/{rel}","templated":true}]}}